{"id":7924,"date":"2020-06-28T09:00:00","date_gmt":"2020-06-28T07:00:00","guid":{"rendered":"http:\/\/mtag.sk\/etrend\/"},"modified":"2026-04-12T12:53:04","modified_gmt":"2026-04-12T10:53:04","slug":"jedalny-listok","status":"publish","type":"page","link":"https:\/\/mtag.sk\/sk\/jedalny-listok\/","title":{"rendered":"Jed\u00e1lny l\u00edstok"},"content":{"rendered":"\n<h2>13. 4. 2026 &#8211; 17. 4. 2026<\/h2>\n<p><img class=\"alignnone size-full wp-image-31261\" src=\"https:\/\/mtag.sk\/wp-content\/uploads\/2026\/04\/jedalny-listok-apr13-17.png\" alt=\"\" width=\"2327\" height=\"2533\" srcset=\"https:\/\/mtag.sk\/wp-content\/uploads\/2026\/04\/jedalny-listok-apr13-17.png 2327w, https:\/\/mtag.sk\/wp-content\/uploads\/2026\/04\/jedalny-listok-apr13-17-768x836.png 768w, https:\/\/mtag.sk\/wp-content\/uploads\/2026\/04\/jedalny-listok-apr13-17-1411x1536.png 1411w, https:\/\/mtag.sk\/wp-content\/uploads\/2026\/04\/jedalny-listok-apr13-17-1881x2048.png 1881w\" sizes=\"(max-width: 2327px) 100vw, 2327px\" \/><\/p>\n\n\n\n<p>Zmena jed\u00e1lneho l\u00edstka vyhraden\u00e1!<\/p>\n","protected":false},"excerpt":{"rendered":"<p>13. 4. 2026 &#8211; 17. 4. 2026 Zmena jed\u00e1lneho l\u00edstka vyhraden\u00e1!<\/p>\n","protected":false},"author":16,"featured_media":0,"parent":0,"menu_order":0,"comment_status":"closed","ping_status":"closed","template":"","meta":[],"_links":{"self":[{"href":"https:\/\/mtag.sk\/sk\/wp-json\/wp\/v2\/pages\/7924"}],"collection":[{"href":"https:\/\/mtag.sk\/sk\/wp-json\/wp\/v2\/pages"}],"about":[{"href":"https:\/\/mtag.sk\/sk\/wp-json\/wp\/v2\/types\/page"}],"author":[{"embeddable":true,"href":"https:\/\/mtag.sk\/sk\/wp-json\/wp\/v2\/users\/16"}],"replies":[{"embeddable":true,"href":"https:\/\/mtag.sk\/sk\/wp-json\/wp\/v2\/comments?post=7924"}],"version-history":[{"count":0,"href":"https:\/\/mtag.sk\/sk\/wp-json\/wp\/v2\/pages\/7924\/revisions"}],"wp:attachment":[{"href":"https:\/\/mtag.sk\/sk\/wp-json\/wp\/v2\/media?parent=7924"}],"curies":[{"name":"wp","href":"https:\/\/api.w.org\/{rel}","templated":true}]}}