{"id":4915,"date":"2016-01-07T20:38:24","date_gmt":"2016-01-07T19:38:24","guid":{"rendered":"http:\/\/mtag.sk\/?page_id=4915"},"modified":"2026-03-24T11:26:00","modified_gmt":"2026-03-24T10:26:00","slug":"strankove-konzultacne-hodiny-ucitelov-2","status":"publish","type":"page","link":"https:\/\/mtag.sk\/sk\/strankove-konzultacne-hodiny-ucitelov-2\/","title":{"rendered":"Str\u00e1nkov\u00e9-konzulta\u010dn\u00e9 hodiny u\u010dite\u013eov"},"content":{"rendered":"\n<p>\u00a0v \u0161kolskom roku 2025\/2026<\/p>\n\n\n<p>\u00a0<\/p>\n<table style=\"width: 100%; height: 3867px;\" width=\"653\">\n<tbody>\n<tr style=\"height: 88px;\">\n<td style=\"width: 7.97619%; height: 88px;\" width=\"53\">\n<p><strong>P.\u010d.<\/strong><\/p>\n<\/td>\n<td style=\"width: 23.4524%; height: 88px;\" width=\"156\">\n<p>Meno<\/p>\n<\/td>\n<td style=\"width: 10.8333%; height: 88px;\" width=\"72\">\n<p><strong>De\u0148<\/strong><\/p>\n<\/td>\n<td style=\"width: 16.3095%; height: 88px;\" width=\"108\">\n<p><strong>Hodina<\/strong><\/p>\n<\/td>\n<td style=\"width: 39.7619%; height: 88px;\" width=\"264\">\n<p><strong>Miestnos\u0165<\/strong><\/p>\n<\/td>\n<\/tr>\n<tr style=\"height: 88px;\">\n<td style=\"width: 7.97619%; height: 88px;\" width=\"53\">\n<p>1.<\/p>\n<\/td>\n<td style=\"width: 23.4524%; height: 88px;\" width=\"156\">\n<p><strong>Barczi Anik\u00f3<\/strong><\/p>\n<\/td>\n<td style=\"width: 10.8333%; height: 88px;\" width=\"72\">\n<p>pondelok<\/p>\n<\/td>\n<td style=\"width: 16.3095%; height: 88px;\" width=\"108\">\n<p>12.00 \u2013 13.00<\/p>\n<\/td>\n<td style=\"width: 39.7619%; height: 88px;\" width=\"264\">\n<p>kabinet \u010d. 62<\/p>\n<\/td>\n<\/tr>\n<tr style=\"height: 88px;\">\n<td style=\"width: 7.97619%; height: 88px;\" width=\"53\">\n<p>2.<\/p>\n<\/td>\n<td style=\"width: 23.4524%; height: 88px;\" width=\"156\">\n<p><strong>Bartalos Angelika<\/strong><\/p>\n<\/td>\n<td style=\"width: 10.8333%; height: 88px;\" width=\"72\">\n<p>pondelok<\/p>\n<\/td>\n<td style=\"width: 16.3095%; height: 88px;\" width=\"108\">\n<p>9.00 \u2013 10.00<\/p>\n<\/td>\n<td style=\"width: 39.7619%; height: 88px;\" width=\"264\">\n<p>kabinet \u010d. 104<\/p>\n<\/td>\n<\/tr>\n<tr style=\"height: 88px;\">\n<td style=\"width: 7.97619%; height: 88px;\" width=\"53\">\n<p>3.<\/p>\n<\/td>\n<td style=\"width: 23.4524%; height: 88px;\" width=\"156\">\n<p><strong>B\u00e1sti Angelika<\/strong><\/p>\n<\/td>\n<td style=\"width: 10.8333%; height: 88px;\" width=\"72\">\n<p>streda<\/p>\n<\/td>\n<td style=\"width: 16.3095%; height: 88px;\" width=\"108\">\n<p>11.50 \u2013 12.35<\/p>\n<\/td>\n<td style=\"width: 39.7619%; height: 88px;\" width=\"264\">\n<p>kabinet \u010d. 62<\/p>\n<\/td>\n<\/tr>\n<tr style=\"height: 88px;\">\n<td style=\"width: 7.97619%; height: 88px;\" width=\"53\">\n<p>4.<\/p>\n<\/td>\n<td style=\"width: 23.4524%; height: 88px;\" width=\"156\">\n<p><strong>Bert\u00f3k Euridike<\/strong><\/p>\n<\/td>\n<td style=\"width: 10.8333%; height: 88px;\" width=\"72\">\n<p>streda<\/p>\n<\/td>\n<td style=\"width: 16.3095%; height: 88px;\" width=\"108\">\n<p>9.00 \u2013 10.00<\/p>\n<\/td>\n<td style=\"width: 39.7619%; height: 88px;\" width=\"264\">\n<p>kabinet \u010d. 62<\/p>\n<\/td>\n<\/tr>\n<tr style=\"height: 88px;\">\n<td style=\"width: 7.97619%; height: 88px;\" width=\"53\">\n<p>5.<\/p>\n<\/td>\n<td style=\"width: 23.4524%; height: 88px;\" width=\"156\">\n<p><strong>B\u00edr\u00f3 Zsuzsanna<\/strong><\/p>\n<\/td>\n<td style=\"width: 10.8333%; height: 88px;\" width=\"72\">\n<p>\u0161tvrtok<\/p>\n<\/td>\n<td style=\"width: 16.3095%; height: 88px;\" width=\"108\">\n<p>10.40 \u2013 11.25<\/p>\n<\/td>\n<td style=\"width: 39.7619%; height: 88px;\" width=\"264\">\n<p>zborov\u0148a na I. poschod\u00ed<\/p>\n<\/td>\n<\/tr>\n<tr style=\"height: 88px;\">\n<td style=\"width: 7.97619%; height: 88px;\" width=\"53\">\n<p>6.<\/p>\n<\/td>\n<td style=\"width: 23.4524%; height: 88px;\" width=\"156\">\n<p><strong>Borka L\u00e1szl\u00f3<\/strong><\/p>\n<\/td>\n<td style=\"width: 10.8333%; height: 88px;\" width=\"72\">streda<\/td>\n<td style=\"width: 16.3095%; height: 88px;\" width=\"108\">\n<p>8.00 \u2013 8.45<\/p>\n<\/td>\n<td style=\"width: 39.7619%; height: 88px;\" width=\"264\">\n<p>kabinet \u010d. 96<\/p>\n<\/td>\n<\/tr>\n<tr style=\"height: 88px;\">\n<td style=\"width: 7.97619%; height: 88px;\" width=\"53\">\n<p>7.<\/p>\n<\/td>\n<td style=\"width: 23.4524%; height: 88px;\" width=\"156\">\n<p><strong>Buza Bodn\u00e1r Aranka<\/strong><\/p>\n<\/td>\n<td style=\"width: 10.8333%; height: 88px;\" width=\"72\">\n<p>streda<\/p>\n<\/td>\n<td style=\"width: 16.3095%; height: 88px;\" width=\"108\">\n<p>8.00 \u2013 8.45<\/p>\n<\/td>\n<td style=\"width: 39.7619%; height: 88px;\" width=\"264\">\n<p>zborov\u0148a<\/p>\n<\/td>\n<\/tr>\n<tr style=\"height: 88px;\">\n<td style=\"width: 7.97619%; height: 88px;\">\n<p>8.<\/p>\n<\/td>\n<td style=\"width: 23.4524%; height: 88px;\">\n<p><strong>Csonka Tam\u00e1s<\/strong><\/p>\n<\/td>\n<td style=\"width: 10.8333%; height: 88px;\">\n<p>streda<\/p>\n<\/td>\n<td style=\"width: 16.3095%; height: 88px;\">\n<p>8.00 -8.45<\/p>\n<\/td>\n<td style=\"width: 39.7619%; height: 88px;\">\n<p>kabinet \u010d. 33<\/p>\n<\/td>\n<\/tr>\n<tr style=\"height: 88px;\">\n<td style=\"width: 7.97619%; height: 88px;\" width=\"53\">\n<p>9.<\/p>\n<\/td>\n<td style=\"width: 23.4524%; height: 88px;\" width=\"156\">\n<p><strong>Demcs\u00e1k Edit<\/strong><\/p>\n<\/td>\n<td style=\"width: 10.8333%; height: 88px;\" width=\"72\">\n<p>\u0161tvrtok<\/p>\n<\/td>\n<td style=\"width: 16.3095%; height: 88px;\" width=\"108\">\n<p>9.50 \u2013 10.35<\/p>\n<\/td>\n<td style=\"width: 39.7619%; height: 88px;\" width=\"264\">\n<p>\u0161kolsk\u00e1 kni\u017enica<\/p>\n<\/td>\n<\/tr>\n<tr style=\"height: 88px;\">\n<td style=\"width: 7.97619%; height: 88px;\" width=\"53\">\n<p>10.<\/p>\n<\/td>\n<td style=\"width: 23.4524%; height: 88px;\" width=\"156\">\n<p><strong>Egri Gabriella<\/strong><\/p>\n<\/td>\n<td style=\"width: 10.8333%; height: 88px;\" width=\"72\">\n<p>utorok<\/p>\n<\/td>\n<td style=\"width: 16.3095%; height: 88px;\" width=\"108\">\n<p>8.00 \u2013 8.45<\/p>\n<\/td>\n<td style=\"width: 39.7619%; height: 88px;\" width=\"264\">\n<p>kabinet \u010d. 62<\/p>\n<\/td>\n<\/tr>\n<tr style=\"height: 88px;\">\n<td style=\"width: 7.97619%; height: 88px;\" width=\"53\">\n<p>11.<\/p>\n<\/td>\n<td style=\"width: 23.4524%; height: 88px;\" width=\"156\">\n<p><strong>Farkas Erd\u00e9lyi Erika<\/strong><\/p>\n<\/td>\n<td style=\"width: 10.8333%; height: 88px;\" width=\"72\">\n<p>piatok<\/p>\n<\/td>\n<td style=\"width: 16.3095%; height: 88px;\" width=\"108\">\n<p>8.50 \u2013 9.50<\/p>\n<\/td>\n<td style=\"width: 39.7619%; height: 88px;\" width=\"264\">\n<p>kabinet \u010d. 103<\/p>\n<\/td>\n<\/tr>\n<tr style=\"height: 88px;\">\n<td style=\"width: 7.97619%; height: 88px;\" width=\"53\">\n<p>12.<\/p>\n<\/td>\n<td style=\"width: 23.4524%; height: 88px;\" width=\"156\">\n<p><strong>Farkas M\u00e1rta<\/strong><\/p>\n<\/td>\n<td style=\"width: 10.8333%; height: 88px;\" width=\"72\">\n<p>pondelok<\/p>\n<\/td>\n<td style=\"width: 16.3095%; height: 88px;\" width=\"108\">\n<p>8.00 \u2013 10.00<\/p>\n<\/td>\n<td style=\"width: 39.7619%; height: 88px;\" width=\"264\">\n<p>\u0161kolsk\u00fd klub<\/p>\n<\/td>\n<\/tr>\n<tr style=\"height: 88px;\">\n<td style=\"width: 7.97619%; height: 88px;\" width=\"53\">\n<p>13.<\/p>\n<\/td>\n<td style=\"width: 23.4524%; height: 88px;\" width=\"156\">\n<p><strong>Flaska R\u00e9ka<\/strong><\/p>\n<\/td>\n<td style=\"width: 10.8333%; height: 88px;\" width=\"72\">\n<p>pondelok<\/p>\n<\/td>\n<td style=\"width: 16.3095%; height: 88px;\" width=\"108\">\n<p>12.45 \u2013 13.30<\/p>\n<\/td>\n<td style=\"width: 39.7619%; height: 88px;\" width=\"264\">\n<p>kabinet \u010d. 39<\/p>\n<\/td>\n<\/tr>\n<tr style=\"height: 88px;\">\n<td style=\"width: 7.97619%; height: 88px;\" width=\"53\">\n<p>14.<\/p>\n<\/td>\n<td style=\"width: 23.4524%; height: 88px;\" width=\"156\">\n<p><strong>F\u00f3nod Marianna<\/strong><\/p>\n<\/td>\n<td style=\"width: 10.8333%; height: 88px;\" width=\"72\">\n<p>utorok<\/p>\n<\/td>\n<td style=\"width: 16.3095%; height: 88px;\" width=\"108\">\n<p>10.40 \u2013 11.25<\/p>\n<\/td>\n<td style=\"width: 39.7619%; height: 88px;\" width=\"264\">\n<p>kabinet \u010d. 40<\/p>\n<\/td>\n<\/tr>\n<tr style=\"height: 88px;\">\n<td style=\"width: 7.97619%; height: 88px;\" width=\"53\">\n<p>15.<\/p>\n<\/td>\n<td style=\"width: 23.4524%; height: 88px;\" width=\"156\">\n<p><strong>Fr\u00f6hlich \u00c1gota<\/strong><\/p>\n<\/td>\n<td style=\"width: 10.8333%; height: 88px;\" width=\"72\">\n<p>utorok<\/p>\n<\/td>\n<td style=\"width: 16.3095%; height: 88px;\" width=\"108\">\n<p>10.40 \u2013 11.25<\/p>\n<\/td>\n<td style=\"width: 39.7619%; height: 88px;\" width=\"264\">\n<p>\u0161kolsk\u00e1 kni\u017enica<\/p>\n<\/td>\n<\/tr>\n<tr style=\"height: 88px;\">\n<td style=\"width: 7.97619%; height: 88px;\" width=\"53\">\n<p>16.<\/p>\n<\/td>\n<td style=\"width: 23.4524%; height: 88px;\" width=\"156\">\n<p><strong>F\u0171l\u00f6pov\u00e1 Sl\u00e1vka<\/strong><\/p>\n<\/td>\n<td style=\"width: 10.8333%; height: 88px;\" width=\"72\">\n<p>piatok<\/p>\n<\/td>\n<td style=\"width: 16.3095%; height: 88px;\" width=\"108\">\n<p>7.45 \u2013 8.45<\/p>\n<\/td>\n<td style=\"width: 39.7619%; height: 88px;\" width=\"264\">\n<p>kabinet \u010d. 39<\/p>\n<\/td>\n<\/tr>\n<tr style=\"height: 88px;\">\n<td style=\"width: 7.97619%; height: 88px;\">\n<p>17.<\/p>\n<\/td>\n<td style=\"width: 23.4524%; height: 88px;\">\n<p><strong>G\u00e1l Cynthia<\/strong><\/p>\n<\/td>\n<td style=\"width: 10.8333%; height: 88px;\">\n<p>utorok<\/p>\n<\/td>\n<td style=\"width: 16.3095%; height: 88px;\">\n<p>9.00 &#8211; 10.00<\/p>\n<\/td>\n<td style=\"width: 39.7619%; height: 88px;\">\n<p>\u0161kolsk\u00fd klub<\/p>\n<\/td>\n<\/tr>\n<tr style=\"height: 88px;\">\n<td style=\"width: 7.97619%; height: 88px;\">\n<p>18.<\/p>\n<\/td>\n<td style=\"width: 23.4524%; height: 88px;\">\n<p><strong>G\u00e1l Janka<\/strong><\/p>\n<\/td>\n<td style=\"width: 10.8333%; height: 88px;\">\n<p>piatok<\/p>\n<\/td>\n<td style=\"width: 16.3095%; height: 88px;\">\n<p>8.00 &#8211; 9.30<\/p>\n<\/td>\n<td style=\"width: 39.7619%; height: 88px;\">\n<p>kabinet \u010d. 39<\/p>\n<\/td>\n<\/tr>\n<tr style=\"height: 88px;\">\n<td style=\"width: 7.97619%; height: 88px;\" width=\"53\">\n<p>19.<\/p>\n<\/td>\n<td style=\"width: 23.4524%; height: 88px;\" width=\"156\">\n<p><strong>Galo L\u00e1szl\u00f3<\/strong><\/p>\n<\/td>\n<td style=\"width: 10.8333%; height: 88px;\" width=\"72\">\n<p>utorok<\/p>\n<\/td>\n<td style=\"width: 16.3095%; height: 88px;\" width=\"108\">\n<p>12.45 \u2013 13.30<\/p>\n<\/td>\n<td style=\"width: 39.7619%; height: 88px;\" width=\"264\">\n<p>kabinet \u010d. 77<\/p>\n<\/td>\n<\/tr>\n<tr style=\"height: 88px;\">\n<td style=\"width: 7.97619%; height: 88px;\" width=\"53\">\n<p>20.<\/p>\n<\/td>\n<td style=\"width: 23.4524%; height: 88px;\" width=\"156\">\n<p><strong>Gy\u0151ri Zs\u00f3fia<\/strong><\/p>\n<\/td>\n<td style=\"width: 10.8333%; height: 88px;\" width=\"72\">\n<p>utorok<\/p>\n<\/td>\n<td style=\"width: 16.3095%; height: 88px;\" width=\"108\">\n<p>8.00 \u2013 8.40<\/p>\n<\/td>\n<td style=\"width: 39.7619%; height: 88px;\" width=\"264\">\n<p>konzulta\u010dn\u00e1 miestnos\u0165<\/p>\n<\/td>\n<\/tr>\n<tr style=\"height: 85px;\">\n<td style=\"width: 7.97619%; height: 85px;\">\n<p>21.<\/p>\n<\/td>\n<td style=\"width: 23.4524%; height: 85px;\">\n<p><strong>Horv\u00e1th Ang\u00e9la<\/strong><\/p>\n<\/td>\n<td style=\"width: 10.8333%; height: 85px;\">\n<p>streda<\/p>\n<\/td>\n<td style=\"width: 16.3095%; height: 85px;\">\n<p>12.45 &#8211; 13.30<\/p>\n<\/td>\n<td style=\"width: 39.7619%; height: 85px;\">\n<p>kabinet \u010d. 104<\/p>\n<\/td>\n<\/tr>\n<tr style=\"height: 88px;\">\n<td style=\"width: 7.97619%; height: 88px;\" width=\"53\">\n<p>22.<\/p>\n<\/td>\n<td style=\"width: 23.4524%; height: 88px;\" width=\"156\">\n<p><strong>Ill\u00e9s Jol\u00e1n<\/strong><\/p>\n<\/td>\n<td style=\"width: 10.8333%; height: 88px;\" width=\"72\">\n<p>streda<\/p>\n<\/td>\n<td style=\"width: 16.3095%; height: 88px;\" width=\"108\">\n<p>11.00 \u2013 12.00<\/p>\n<\/td>\n<td style=\"width: 39.7619%; height: 88px;\" width=\"264\">\n<p>\u0161kolsk\u00fd klub<\/p>\n<\/td>\n<\/tr>\n<tr style=\"height: 88px;\">\n<td style=\"width: 7.97619%; height: 88px;\" width=\"53\">\n<p>23.<\/p>\n<\/td>\n<td style=\"width: 23.4524%; height: 88px;\" width=\"156\">\n<p><strong>Ir\u00f3 Erzs\u00e9bet<\/strong><\/p>\n<\/td>\n<td style=\"width: 10.8333%; height: 88px;\" width=\"72\">\n<p>piatok<\/p>\n<\/td>\n<td style=\"width: 16.3095%; height: 88px;\" width=\"108\">\n<p>8.00 \u2013 9.00<\/p>\n<\/td>\n<td style=\"width: 39.7619%; height: 88px;\" width=\"264\">\n<p>kabinet \u010d. 67<\/p>\n<\/td>\n<\/tr>\n<tr style=\"height: 88px;\">\n<td style=\"width: 7.97619%; height: 88px;\" width=\"53\">\n<p>24.<\/p>\n<\/td>\n<td style=\"width: 23.4524%; height: 88px;\" width=\"156\">\n<p><strong>Janda Andrea<\/strong><\/p>\n<\/td>\n<td style=\"width: 10.8333%; height: 88px;\" width=\"72\">\n<p>utorok<\/p>\n<\/td>\n<td style=\"width: 16.3095%; height: 88px;\" width=\"108\">\n<p>12.45 \u2013 13.30<\/p>\n<\/td>\n<td style=\"width: 39.7619%; height: 88px;\" width=\"264\">\n<p>kabinet \u010d. 40<\/p>\n<\/td>\n<\/tr>\n<tr style=\"height: 86px;\">\n<td style=\"width: 7.97619%; height: 86px;\">\n<p>25.<\/p>\n<\/td>\n<td style=\"width: 23.4524%; height: 86px;\">\n<p><strong>J\u00e1ray Ingrid<\/strong><\/p>\n<\/td>\n<td style=\"width: 10.8333%; height: 86px;\">\n<p>piatok<\/p>\n<\/td>\n<td style=\"width: 16.3095%; height: 86px;\">\n<p>8.50 &#8211; 9.35<\/p>\n<\/td>\n<td style=\"width: 39.7619%; height: 86px;\">\n<p>kabinet \u010d. 40<\/p>\n<\/td>\n<\/tr>\n<tr style=\"height: 88px;\">\n<td style=\"width: 7.97619%; height: 88px;\" width=\"53\">\n<p>26.<\/p>\n<\/td>\n<td style=\"width: 23.4524%; height: 88px;\" width=\"156\">\n<p><strong>Kassai Zsuzsanna<\/strong><\/p>\n<\/td>\n<td style=\"width: 10.8333%; height: 88px;\" width=\"72\">\n<p>streda<\/p>\n<\/td>\n<td style=\"width: 16.3095%; height: 88px;\" width=\"108\">\n<p>13.00 \u2013 14.00<\/p>\n<\/td>\n<td style=\"width: 39.7619%; height: 88px;\" width=\"264\">\n<p>zborov\u0148a na I. poschod\u00ed<\/p>\n<\/td>\n<\/tr>\n<tr style=\"height: 88px;\">\n<td style=\"width: 7.97619%; height: 88px;\" width=\"53\">\n<p>27.<\/p>\n<\/td>\n<td style=\"width: 23.4524%; height: 88px;\" width=\"156\">\n<p><strong>Kiss Helga<\/strong><\/p>\n<\/td>\n<td style=\"width: 10.8333%; height: 88px;\" width=\"72\">\n<p>pondelok<\/p>\n<\/td>\n<td style=\"width: 16.3095%; height: 88px;\" width=\"108\">\n<p>10.40 \u2013 11.25<\/p>\n<\/td>\n<td style=\"width: 39.7619%; height: 88px;\" width=\"264\">\n<p>kabinet \u010d. 96<\/p>\n<\/td>\n<\/tr>\n<tr style=\"height: 88px;\">\n<td style=\"width: 7.97619%; height: 88px;\" width=\"53\">\n<p>28.<\/p>\n<\/td>\n<td style=\"width: 23.4524%; height: 88px;\" width=\"156\">\n<p><strong>Kluka M\u00e1rta<\/strong><\/p>\n<\/td>\n<td style=\"width: 10.8333%; height: 88px;\" width=\"72\">\n<p>utorok<\/p>\n<\/td>\n<td style=\"width: 16.3095%; height: 88px;\" width=\"108\">\n<p>9.50 \u2013 10.35<\/p>\n<\/td>\n<td style=\"width: 39.7619%; height: 88px;\" width=\"264\">\n<p>kabinet \u010d. 103<\/p>\n<\/td>\n<\/tr>\n<tr style=\"height: 88px;\">\n<td style=\"width: 7.97619%; height: 88px;\" width=\"53\">\n<p>29.<\/p>\n<\/td>\n<td style=\"width: 23.4524%; height: 88px;\" width=\"156\">\n<p><strong>Kov\u00e1cs G\u00e1bor<\/strong><\/p>\n<\/td>\n<td style=\"width: 10.8333%; height: 88px;\" width=\"72\">\n<p>utorok<\/p>\n<\/td>\n<td style=\"width: 16.3095%; height: 88px;\" width=\"108\">\n<p>7.45 \u2013 8.45<\/p>\n<\/td>\n<td style=\"width: 39.7619%; height: 88px;\" width=\"264\">\n<p>kabinet \u010d. 39<\/p>\n<\/td>\n<\/tr>\n<tr style=\"height: 88px;\">\n<td style=\"width: 7.97619%; height: 88px;\" width=\"53\">\n<p>30.<\/p>\n<\/td>\n<td style=\"width: 23.4524%; height: 88px;\" width=\"156\">\n<p><strong>Kr\u00e1lik Henrietta<\/strong><\/p>\n<\/td>\n<td style=\"width: 10.8333%; height: 88px;\" width=\"72\">\n<p>pondelok<\/p>\n<\/td>\n<td style=\"width: 16.3095%; height: 88px;\" width=\"108\">\n<p>8.00 \u2013 8.45<\/p>\n<\/td>\n<td style=\"width: 39.7619%; height: 88px;\" width=\"264\">\n<p>kabinet \u010d. 103<\/p>\n<\/td>\n<\/tr>\n<tr style=\"height: 88px;\">\n<td style=\"width: 7.97619%; height: 88px;\" width=\"53\">\n<p>31.<\/p>\n<\/td>\n<td style=\"width: 23.4524%; height: 88px;\" width=\"156\">\n<p><strong>Krascsenics Darnai T\u00edmea<\/strong><\/p>\n<\/td>\n<td style=\"width: 10.8333%; height: 88px;\" width=\"72\">\n<p>pondelok<\/p>\n<\/td>\n<td style=\"width: 16.3095%; height: 88px;\" width=\"108\">\n<p>12.30 \u2013 13.30<\/p>\n<\/td>\n<td style=\"width: 39.7619%; height: 88px;\" width=\"264\">\n<p>zborov\u0148a na I. poschod\u00ed<\/p>\n<\/td>\n<\/tr>\n<tr style=\"height: 88px;\">\n<td style=\"width: 7.97619%; height: 88px;\" width=\"53\">\n<p>32.<\/p>\n<\/td>\n<td style=\"width: 23.4524%; height: 88px;\" width=\"156\">\n<p><strong>Kulcs\u00e1r M\u00f3nika <\/strong><\/p>\n<\/td>\n<td style=\"width: 10.8333%; height: 88px;\" width=\"72\">\n<p>piatok<\/p>\n<\/td>\n<td style=\"width: 16.3095%; height: 88px;\" width=\"108\">\n<p>9.00 \u2013 10.00<\/p>\n<\/td>\n<td style=\"width: 39.7619%; height: 88px;\" width=\"264\">\n<p>kabinet \u010d. 67<\/p>\n<\/td>\n<\/tr>\n<tr style=\"height: 88px;\">\n<td style=\"width: 7.97619%; height: 88px;\" width=\"53\">\n<p>33.<\/p>\n<\/td>\n<td style=\"width: 23.4524%; height: 88px;\" width=\"156\">\n<p><strong>Mart\u00e1k Zsolt<\/strong><\/p>\n<\/td>\n<td style=\"width: 10.8333%; height: 88px;\" width=\"72\">\n<p>pondelok<\/p>\n<\/td>\n<td style=\"width: 16.3095%; height: 88px;\" width=\"108\">\n<p>8.00 \u2013 8.45<\/p>\n<\/td>\n<td style=\"width: 39.7619%; height: 88px;\" width=\"264\">\n<p>kabinet \u010d. 89<\/p>\n<\/td>\n<\/tr>\n<tr style=\"height: 88px;\">\n<td style=\"width: 7.97619%; height: 88px;\" width=\"53\">\n<p>34.<\/p>\n<\/td>\n<td style=\"width: 23.4524%; height: 88px;\" width=\"156\">\n<p><strong>Monozlai Kiss Piroska<\/strong><\/p>\n<\/td>\n<td style=\"width: 10.8333%; height: 88px;\" width=\"72\">\n<p>\u0161tvrtok<\/p>\n<\/td>\n<td style=\"width: 16.3095%; height: 88px;\" width=\"108\">\n<p>12.45 \u2013 13.30<\/p>\n<\/td>\n<td style=\"width: 39.7619%; height: 88px;\" width=\"264\">\n<p>kabinet \u010d. 39<\/p>\n<\/td>\n<\/tr>\n<tr style=\"height: 88px;\">\n<td style=\"width: 7.97619%; height: 88px;\" width=\"53\">\n<p>35.<\/p>\n<\/td>\n<td style=\"width: 23.4524%; height: 88px;\" width=\"156\">\n<p><strong>P\u00e9k Judit<\/strong><\/p>\n<\/td>\n<td style=\"width: 10.8333%; height: 88px;\" width=\"72\">\n<p>pondelok<\/p>\n<\/td>\n<td style=\"width: 16.3095%; height: 88px;\" width=\"108\">\n<p>14.00 \u2013 15.00<\/p>\n<\/td>\n<td style=\"width: 39.7619%; height: 88px;\" width=\"264\">\n<p>zborov\u0148a na I. poschod\u00ed<\/p>\n<\/td>\n<\/tr>\n<tr style=\"height: 88px;\">\n<td style=\"width: 7.97619%; height: 88px;\" width=\"53\">\n<p>36.<\/p>\n<\/td>\n<td style=\"width: 23.4524%; height: 88px;\" width=\"156\">\n<p><strong>Pop\u00e9ly Andrea <\/strong><\/p>\n<\/td>\n<td style=\"width: 10.8333%; height: 88px;\" width=\"72\">\n<p>utorok<\/p>\n<\/td>\n<td style=\"width: 16.3095%; height: 88px;\" width=\"108\">\n<p>12.45 \u2013 13.30<\/p>\n<\/td>\n<td style=\"width: 39.7619%; height: 88px;\" width=\"264\">\n<p>kabinet \u010d. 96<\/p>\n<\/td>\n<\/tr>\n<tr style=\"height: 88px;\">\n<td style=\"width: 7.97619%; height: 88px;\" width=\"53\">\n<p>37.<\/p>\n<\/td>\n<td style=\"width: 23.4524%; height: 88px;\" width=\"156\">\n<p><strong>Rogers Gabriella<\/strong><\/p>\n<\/td>\n<td style=\"width: 10.8333%; height: 88px;\" width=\"72\">\n<p>pondelok<\/p>\n<\/td>\n<td style=\"width: 16.3095%; height: 88px;\" width=\"108\">\n<p>8.50 \u2013 9.35<\/p>\n<\/td>\n<td style=\"width: 39.7619%; height: 88px;\" width=\"264\">\n<p>kabinet \u010d. 96<\/p>\n<\/td>\n<\/tr>\n<tr style=\"height: 88px;\">\n<td style=\"width: 7.97619%; height: 88px;\" width=\"53\">\n<p>38.<\/p>\n<\/td>\n<td style=\"width: 23.4524%; height: 88px;\" width=\"156\">\n<p><strong>Sill Zsuzsanna<\/strong><\/p>\n<\/td>\n<td style=\"width: 10.8333%; height: 88px;\" width=\"72\">\n<p>utorok<\/p>\n<\/td>\n<td style=\"width: 16.3095%; height: 88px;\" width=\"108\">\n<p>13.30 \u2013 14.30<\/p>\n<\/td>\n<td style=\"width: 39.7619%; height: 88px;\" width=\"264\">\n<p>kabinet \u010d. 39<\/p>\n<\/td>\n<\/tr>\n<tr style=\"height: 88px;\">\n<td style=\"width: 7.97619%; height: 88px;\" width=\"53\">\n<p>39.<\/p>\n<\/td>\n<td style=\"width: 23.4524%; height: 88px;\" width=\"156\">\n<p><strong>Szab\u00f3 Andrea<\/strong><\/p>\n<\/td>\n<td style=\"width: 10.8333%; height: 88px;\" width=\"72\">pondelok<\/td>\n<td style=\"width: 16.3095%; height: 88px;\" width=\"108\">\n<p>11.00 \u2013 12.00<\/p>\n<\/td>\n<td style=\"width: 39.7619%; height: 88px;\" width=\"264\">\n<p>kabinet \u010d. 104<\/p>\n<\/td>\n<\/tr>\n<tr style=\"height: 88px;\">\n<td style=\"width: 7.97619%; height: 88px;\" width=\"53\">\n<p>40.<\/p>\n<\/td>\n<td style=\"width: 23.4524%; height: 88px;\" width=\"156\">\n<p><strong>T\u00f3th T\u00fcnde<\/strong><\/p>\n<\/td>\n<td style=\"width: 10.8333%; height: 88px;\" width=\"72\">\n<p>streda<\/p>\n<\/td>\n<td style=\"width: 16.3095%; height: 88px;\" width=\"108\">\n<p>10.00 \u2013 11.00<\/p>\n<\/td>\n<td style=\"width: 39.7619%; height: 88px;\" width=\"264\">\n<p>kabinet \u010d. 96<\/p>\n<\/td>\n<\/tr>\n<tr style=\"height: 88px;\">\n<td style=\"width: 7.97619%; height: 88px;\" width=\"53\">\n<p>41.<\/p>\n<\/td>\n<td style=\"width: 23.4524%; height: 88px;\" width=\"156\">\n<p><strong>Urban P\u00e9ter<\/strong><\/p>\n<\/td>\n<td style=\"width: 10.8333%; height: 88px;\" width=\"72\">\n<p>pondelok<\/p>\n<\/td>\n<td style=\"width: 16.3095%; height: 88px;\" width=\"108\">\n<p>8.45 \u2013 9.30<\/p>\n<\/td>\n<td style=\"width: 39.7619%; height: 88px;\" width=\"264\">\n<p>kabinet \u010d. 33<\/p>\n<\/td>\n<\/tr>\n<tr style=\"height: 88px;\">\n<td style=\"width: 7.97619%; height: 88px;\" width=\"53\">\n<p>42.<\/p>\n<\/td>\n<td style=\"width: 23.4524%; height: 88px;\" width=\"156\">\n<p><strong>Vician L\u00edvia<\/strong><\/p>\n<\/td>\n<td style=\"width: 10.8333%; height: 88px;\" width=\"72\">\n<p>pondelok<\/p>\n<\/td>\n<td style=\"width: 16.3095%; height: 88px;\" width=\"108\">\n<p>8.00 \u2013 8.45<\/p>\n<\/td>\n<td style=\"width: 39.7619%; height: 88px;\" width=\"264\">\n<p>zborov\u0148a na I. poschod\u00ed<\/p>\n<\/td>\n<\/tr>\n<tr style=\"height: 88px;\">\n<td style=\"width: 7.97619%; height: 88px;\" width=\"53\">\n<p>43.<\/p>\n<\/td>\n<td style=\"width: 23.4524%; height: 88px;\" width=\"156\">\n<p><strong>Wittenberger Zsuzsanna<\/strong><\/p>\n<\/td>\n<td style=\"width: 10.8333%; height: 88px;\" width=\"72\">\n<p>pondelok<\/p>\n<\/td>\n<td style=\"width: 16.3095%; height: 88px;\" width=\"108\">\n<p>8.00 \u2013 8.45<\/p>\n<\/td>\n<td style=\"width: 39.7619%; height: 88px;\" width=\"264\">\n<p>kabinet \u010d. 40<\/p>\n<\/td>\n<\/tr>\n<\/tbody>\n<\/table>\n\n","protected":false},"excerpt":{"rendered":"<p>\u00a0v \u0161kolskom roku 2025\/2026 \u00a0 P.\u010d. Meno De\u0148 Hodina Miestnos\u0165 1. Barczi Anik\u00f3 pondelok 12.00 \u2013 13.00 kabinet \u010d. 62 2. Bartalos Angelika pondelok 9.00 \u2013 10.00 kabinet \u010d. 104 3. B\u00e1sti Angelika streda 11.50 \u2013 12.35 kabinet \u010d. 62 4. Bert\u00f3k Euridike streda 9.00 \u2013 10.00 kabinet \u010d. 62 5. B\u00edr\u00f3 Zsuzsanna \u0161tvrtok 10.40 &hellip;<\/p>\n","protected":false},"author":18,"featured_media":0,"parent":0,"menu_order":0,"comment_status":"closed","ping_status":"closed","template":"","meta":[],"_links":{"self":[{"href":"https:\/\/mtag.sk\/sk\/wp-json\/wp\/v2\/pages\/4915"}],"collection":[{"href":"https:\/\/mtag.sk\/sk\/wp-json\/wp\/v2\/pages"}],"about":[{"href":"https:\/\/mtag.sk\/sk\/wp-json\/wp\/v2\/types\/page"}],"author":[{"embeddable":true,"href":"https:\/\/mtag.sk\/sk\/wp-json\/wp\/v2\/users\/18"}],"replies":[{"embeddable":true,"href":"https:\/\/mtag.sk\/sk\/wp-json\/wp\/v2\/comments?post=4915"}],"version-history":[{"count":0,"href":"https:\/\/mtag.sk\/sk\/wp-json\/wp\/v2\/pages\/4915\/revisions"}],"wp:attachment":[{"href":"https:\/\/mtag.sk\/sk\/wp-json\/wp\/v2\/media?parent=4915"}],"curies":[{"name":"wp","href":"https:\/\/api.w.org\/{rel}","templated":true}]}}