{"id":31174,"date":"2026-03-27T17:57:55","date_gmt":"2026-03-27T16:57:55","guid":{"rendered":"https:\/\/mtag.sk\/?page_id=31174"},"modified":"2026-04-01T15:12:37","modified_gmt":"2026-04-01T13:12:37","slug":"rada-skoly","status":"publish","type":"page","link":"https:\/\/mtag.sk\/sk\/rada-skoly\/","title":{"rendered":"RADA \u0160KOLY"},"content":{"rendered":"\n<p><b>D\u0148a 26. 3. 2026 sa konalo v\u00fdberov\u00e9 konanie na obsadenie funkcie riadite\u013ea\/riadite\u013eky \u0161koly Z\u00e1kladn\u00e1 \u0161kola a Gymn\u00e1zium s vyu\u010dovac\u00edm jazykom ma\u010farsk\u00fdm, Dunajsk\u00e1 13, Bratislava. Uch\u00e1dza\u010dka vo v\u00fdberovom konan\u00ed, Mgr. M\u00e1ria Pr\u00e9kop, na z\u00e1klade v\u00fdsledkov v\u00fdberov\u00e9ho konania bola navrhnut\u00e1 v\u00fdberovou komisiou na vymenovanie do funkcie riadite\u013eky \u0161koly.<\/b><\/p>\n<p><u>Zlo\u017eenie R\u0160 je nasledovn\u00e9:<\/u><\/p>\n<p>Za zamestnancov Z\u0160:\u00a0 \u00a0 \u00a0 \u00a0 \u00a0 \u00a0 \u00a0 \u00a0 \u00a0 \u00a0 \u00a0 \u00a0Mgr. Zuzana Wittenbergerov\u00e1<\/p>\n<p>\u00a0 \u00a0 \u00a0 \u00a0 \u00a0 \u00a0 \u00a0 \u00a0 \u00a0 \u00a0 \u00a0 \u00a0 \u00a0 \u00a0 \u00a0 \u00a0 \u00a0 \u00a0 \u00a0 \u00a0 \u00a0 \u00a0 \u00a0 \u00a0 \u00a0 \u00a0 \u00a0 \u00a0 \u00a0Mgr. Peter Urban<\/p>\n<p>Za zamestnancov GYM : \u00a0\u00a0\u00a0\u00a0\u00a0\u00a0\u00a0\u00a0\u00a0\u00a0\u00a0\u00a0\u00a0\u00a0\u00a0\u00a0\u00a0 Mgr. Angelika B\u00e1sti<\/p>\n<p>\u00a0 \u00a0 \u00a0 \u00a0 \u00a0 \u00a0 \u00a0 \u00a0 \u00a0 \u00a0 \u00a0 \u00a0 \u00a0 \u00a0 \u00a0 \u00a0 \u00a0 \u00a0 \u00a0 \u00a0 \u00a0 \u00a0 \u00a0 \u00a0 \u00a0 \u00a0 \u00a0 \u00a0 \u00a0Nikolett Holocsy\u00a0\u00a0\u00a0\u00a0\u00a0\u00a0<\/p>\n<p>Za \u017eiakov:\u00a0 \u00a0 \u00a0 \u00a0 \u00a0 \u00a0 \u00a0 \u00a0 \u00a0 \u00a0 \u00a0 \u00a0 \u00a0 \u00a0 \u00a0 \u00a0 \u00a0 \u00a0 \u00a0 \u00a0 \u00a0Tepea Heiva Victoria<\/p>\n<p>Za rodi\u010dov:\u00a0 \u00a0 \u00a0 \u00a0 \u00a0 \u00a0 \u00a0 \u00a0 \u00a0 \u00a0 \u00a0 \u00a0 \u00a0 \u00a0 \u00a0 \u00a0 \u00a0 \u00a0 \u00a0 \u00a0D\u00e1vid P\u00e1link\u00e1s\u00a0\u00a0\u00a0\u00a0\u00a0\u00a0\u00a0\u00a0\u00a0\u00a0\u00a0\u00a0\u00a0\u00a0\u00a0\u00a0\u00a0\u00a0\u00a0\u00a0\u00a0 \u00a0\u00a0\u00a0\u00a0\u00a0<\/p>\n<p>\u00a0 \u00a0 \u00a0 \u00a0 \u00a0 \u00a0 \u00a0 \u00a0 \u00a0 \u00a0 \u00a0 \u00a0 \u00a0 \u00a0 \u00a0 \u00a0 \u00a0 \u00a0 \u00a0 \u00a0 \u00a0 \u00a0 \u00a0 \u00a0 \u00a0 \u00a0 \u00a0 \u00a0 \u00a0\u0160tefan Cs\u00e9mi\u00a0\u00a0 \u00a0\u00a0\u00a0\u00a0\u00a0<\/p>\n<p>Za zria\u010fovate\u013ea:\u00a0 \u00a0 \u00a0 \u00a0 \u00a0 \u00a0 \u00a0 \u00a0 \u00a0 \u00a0 \u00a0 \u00a0 \u00a0 \u00a0 \u00a0 \u00a0PhDr. Al\u017ebeta O\u017evaldov\u00e1<\/p>\n<p>\u00a0 \u00a0 \u00a0 \u00a0 \u00a0 \u00a0 \u00a0 \u00a0 \u00a0 \u00a0 \u00a0 \u00a0 \u00a0 \u00a0 \u00a0 \u00a0 \u00a0 \u00a0 \u00a0 \u00a0 \u00a0 \u00a0 \u00a0 \u00a0 \u00a0 \u00a0 \u00a0 \u00a0 \u00a0Mgr. T\u00fcnde Neszm\u00e9ri,<\/p>\n<p>\u00a0 \u00a0 \u00a0 \u00a0 \u00a0 \u00a0 \u00a0 \u00a0 \u00a0 \u00a0 \u00a0 \u00a0 \u00a0 \u00a0 \u00a0 \u00a0 \u00a0 \u00a0 \u00a0 \u00a0 \u00a0 \u00a0 \u00a0 \u00a0 \u00a0 \u00a0 \u00a0 \u00a0 \u00a0JUDr. Monika Be\u0148ov\u00e1 Makkiov\u00e1<\/p>\n\n\n\n<style>\n    table,td,th{\n        border: 0;\n    }\n    #wpdm-all-packages .card{\n        overflow: hidden;\n    }\n    #wpdmmydls-74cc678054bc7ba0076a1a56936233e7{\n        border-bottom: 1px solid #dddddd;\n        border-top: 1px solid #dddddd;\n        font-size: 10pt;\n        min-width: 100%;\n    }\n    #wpdmmydls-74cc678054bc7ba0076a1a56936233e7 .wpdm-download-link img{\n        box-shadow: none !important;\n        max-width: 100%;\n    }\n    .w3eden .pagination{\n        margin: 0 !important;\n    }\n    #wpdmmydls-74cc678054bc7ba0076a1a56936233e7 td:not(:first-child){\n        vertical-align: middle !important;\n    }\n    #wpdmmydls-74cc678054bc7ba0076a1a56936233e7 td.__dt_col_download_link .btn{\n        display: block;\n        width: 100%;\n    }\n    #wpdmmydls-74cc678054bc7ba0076a1a56936233e7 td.__dt_col_download_link,\n    #wpdmmydls-74cc678054bc7ba0076a1a56936233e7 th#download_link{\n        max-width: 155px !important;\n        width: 155px;\n\n    }\n    #wpdmmydls-74cc678054bc7ba0076a1a56936233e7 th{\n        background-color: rgba(0,0,0,0.04);\n        border-bottom: 1px solid rgba(0,0,0,0.025);\n    }\n    #wpdmmydls-74cc678054bc7ba0076a1a56936233e7_length label,\n    #wpdmmydls-74cc678054bc7ba0076a1a56936233e7_filter label{\n        font-weight: 400;\n    }\n    #wpdmmydls-74cc678054bc7ba0076a1a56936233e7_filter input[type=search]{\n        display: inline-block;\n        width: 200px;\n    }\n    #wpdmmydls-74cc678054bc7ba0076a1a56936233e7_length select{\n        display: inline-block;\n        width: 60px;\n    }\n\n    #wpdmmydls-74cc678054bc7ba0076a1a56936233e7 .package-title{\n        color:#36597C;\n        font-size: 11pt;\n        font-weight: 700;\n    }\n    #wpdmmydls-74cc678054bc7ba0076a1a56936233e7 .small-txt{\n        margin-right: 7px;\n    }\n    #wpdmmydls-74cc678054bc7ba0076a1a56936233e7 td{\n        min-width: 150px;\n    }\n\n    #wpdmmydls-74cc678054bc7ba0076a1a56936233e7 td.__dt_col_categories{\n        max-width: 300px;\n    }\n\n    #wpdmmydls-74cc678054bc7ba0076a1a56936233e7 .small-txt,\n    #wpdmmydls-74cc678054bc7ba0076a1a56936233e7 small{\n        font-size: 9pt;\n    }\n    .w3eden .table-striped tbody tr:nth-of-type(2n+1) {\n        background-color: rgba(0,0,0,0.015);\n    }\n    .dataTables_wrapper .dataTables_paginate .paginate_button:active,\n    .dataTables_wrapper .dataTables_paginate .paginate_button:focus,\n    .dataTables_wrapper .dataTables_paginate .paginate_button:hover,\n    .dataTables_wrapper .dataTables_paginate .paginate_button{\n        margin: 0 !important;\n        padding: 0 !important;\n        border: 0 !important;\n        background: transparent !important;\n    }\n\n\n    @media (max-width: 799px) {\n        #wpdmmydls-74cc678054bc7ba0076a1a56936233e7 tr {\n            display: block;\n            border: 3px solid rgba(0,0,0,0.3) !important;\n            margin-bottom: 10px !important;\n            position: relative;\n        }\n        #wpdmmydls-74cc678054bc7ba0076a1a56936233e7 thead{\n            display: none;\n        }\n        #wpdmmydls-74cc678054bc7ba0076a1a56936233e7,\n        #wpdmmydls-74cc678054bc7ba0076a1a56936233e7 td:first-child {\n            border: 0 !important;\n        }\n        #wpdmmydls-74cc678054bc7ba0076a1a56936233e7 td {\n            display: block;\n        }\n        #wpdmmydls-74cc678054bc7ba0076a1a56936233e7 td.__dt_col_download_link {\n            display: block;\n            max-width: 100% !important;\n            width: auto !important;\n\n        }\n    }\n\n\n<\/style>\n<div class=\"w3eden\">\n    <div id=\"wpdm-all-packages\">\n        <table id=\"wpdmmydls-74cc678054bc7ba0076a1a56936233e7\" class=\"table table-striped wpdm-all-packages-table\">\n            <thead>\n            <tr>\n                                    <th style=\"\"  id=\"page_link\" class=\"\">N\u00e1zov<\/th>\n                                    <th style=\"\"  id=\"categories\" class=\"hidden-sm hidden-xs\">Kateg\u00f3rie<\/th>\n                                    <th style=\"\"  id=\"update_date\" class=\"hidden-sm hidden-xs\">D\u00e1tum \u00fapravy<\/th>\n                                    <th style=\"\"  id=\"download_link\" class=\"hidden-sm hidden-xs\">Stiahnu\u0165<\/th>\n                                <!-- th class=\"hidden-sm hidden-xs\">Kateg\u00f3rie<\/th>\n                <th class=\"hidden-xs\">D\u00e1tum vytvorenia<\/th>\n                <th style=\"width: 100px;\">Stiahnu\u0165<\/th -->\n            <\/tr>\n            <\/thead>\n            <tbody>\n            \n                    <tr class=\"__dt_row\">\n                                                    <td  class=\"__dt_col_0 __dt_col __dt_col_page_link\" style=\"background-image: url('https:\/\/mtag.sk\/wp-content\/plugins\/download-manager\/assets\/file-type-icons\/pdf.svg');background-size: 36px;background-position: 5px 8px;background-repeat:  no-repeat;padding-left: 52px;line-height: normal;\">\n                                <a class=\"package-title\" href='https:\/\/mtag.sk\/sk\/download\/statut-rady-skoly\/'>Statut Rady \u0161koly<\/a><br\/><span class='__dt_file_count small-txt'><i class=\"far fa-copy\"><\/i> 1 s\u00fabor(y)<\/span><span class='__dt_download_count small-txt'><i class=\"far fa-arrow-alt-circle-down\"><\/i> 2 stiahnutia<\/span><div class=\"hidden-md hidden-lg td-mobile\"><\/div>\n\n                            <\/td>\n                                                    <td  class=\"__dt_col_1 __dt_col __dt_col_categories\" >\n                                <span class='__dt_categories '><a class='sbyc' href='https:\/\/mtag.sk\/sk\/rada-skoly\/?wpdmc=rada-skoly'>Rada \u0161koly<\/a><\/span>\n\n                            <\/td>\n                                                    <td  data-order=\"1775001600\"  class=\"__dt_col_2 __dt_col __dt_col_update_date\" >\n                                <span class='__dt_update_date '>2026.04.01.<\/span>\n\n                            <\/td>\n                                                    <td  class=\"__dt_col_3 __dt_col __dt_col_download_link\" >\n                                <a class='wpdm-download-link  download-on-click btn btn-primary ' rel='nofollow' href='#' data-downloadurl=\"https:\/\/mtag.sk\/sk\/download\/statut-rady-skoly\/?wpdmdl=31231&refresh=6a05a38c61bb61778754444\">Stiahnu\u0165<\/a>\n\n                            <\/td>\n                        \n                    <\/tr>\n                \n                    <tr class=\"__dt_row\">\n                                                    <td  class=\"__dt_col_0 __dt_col __dt_col_page_link\" style=\"background-image: url('https:\/\/mtag.sk\/wp-content\/plugins\/download-manager\/assets\/file-type-icons\/pdf.svg');background-size: 36px;background-position: 5px 8px;background-repeat:  no-repeat;padding-left: 52px;line-height: normal;\">\n                                <a class=\"package-title\" href='https:\/\/mtag.sk\/sk\/download\/zapisnica-z-ustanovujuceho-zasadnutia-rs-zo-dna-26-2-2026\/'>Z\u00e1pisnica z ustanovuj\u00faceho zasadnutia R\u0160 zo d\u0148a 26.2.2026<\/a><br\/><span class='__dt_file_count small-txt'><i class=\"far fa-copy\"><\/i> 1 s\u00fabor(y)<\/span><span class='__dt_download_count small-txt'><i class=\"far fa-arrow-alt-circle-down\"><\/i> 5 stiahnutia<\/span><div class=\"hidden-md hidden-lg td-mobile\"><\/div>\n\n                            <\/td>\n                                                    <td  class=\"__dt_col_1 __dt_col __dt_col_categories\" >\n                                <span class='__dt_categories '><a class='sbyc' href='https:\/\/mtag.sk\/sk\/rada-skoly\/?wpdmc=rada-skoly'>Rada \u0161koly<\/a><\/span>\n\n                            <\/td>\n                                                    <td  data-order=\"1775001600\"  class=\"__dt_col_2 __dt_col __dt_col_update_date\" >\n                                <span class='__dt_update_date '>2026.04.01.<\/span>\n\n                            <\/td>\n                                                    <td  class=\"__dt_col_3 __dt_col __dt_col_download_link\" >\n                                <a class='wpdm-download-link  download-on-click btn btn-primary ' rel='nofollow' href='#' data-downloadurl=\"https:\/\/mtag.sk\/sk\/download\/zapisnica-z-ustanovujuceho-zasadnutia-rs-zo-dna-26-2-2026\/?wpdmdl=31228&refresh=6a05a38c621671778754444\">Stiahnu\u0165<\/a>\n\n                            <\/td>\n                        \n                    <\/tr>\n                \n                    <tr class=\"__dt_row\">\n                                                    <td  class=\"__dt_col_0 __dt_col __dt_col_page_link\" style=\"background-image: url('https:\/\/mtag.sk\/wp-content\/plugins\/download-manager\/assets\/file-type-icons\/pdf.svg');background-size: 36px;background-position: 5px 8px;background-repeat:  no-repeat;padding-left: 52px;line-height: normal;\">\n                                <a class=\"package-title\" href='https:\/\/mtag.sk\/sk\/download\/zapisnica-o-vykonani-volieb-do-rady-skoly\/'>Z\u00e1pisnica o vykonani volieb do Rady \u0161koly<\/a><br\/><span class='__dt_file_count small-txt'><i class=\"far fa-copy\"><\/i> 1 s\u00fabor(y)<\/span><span class='__dt_download_count small-txt'><i class=\"far fa-arrow-alt-circle-down\"><\/i> 8 stiahnutia<\/span><div class=\"hidden-md hidden-lg td-mobile\"><\/div>\n\n                            <\/td>\n                                                    <td  class=\"__dt_col_1 __dt_col __dt_col_categories\" >\n                                <span class='__dt_categories '><a class='sbyc' href='https:\/\/mtag.sk\/sk\/rada-skoly\/?wpdmc=rada-skoly'>Rada \u0161koly<\/a><\/span>\n\n                            <\/td>\n                                                    <td  data-order=\"1775001600\"  class=\"__dt_col_2 __dt_col __dt_col_update_date\" >\n                                <span class='__dt_update_date '>2026.04.01.<\/span>\n\n                            <\/td>\n                                                    <td  class=\"__dt_col_3 __dt_col __dt_col_download_link\" >\n                                <a class='wpdm-download-link  download-on-click btn btn-primary ' rel='nofollow' href='#' data-downloadurl=\"https:\/\/mtag.sk\/sk\/download\/zapisnica-o-vykonani-volieb-do-rady-skoly\/?wpdmdl=31227&refresh=6a05a38c6263c1778754444\">Stiahnu\u0165<\/a>\n\n                            <\/td>\n                        \n                    <\/tr>\n                                        <\/tbody>\n        <\/table>\n\n        <div class='text-center'><\/div>\n    <\/div>\n<\/div>\n\n","protected":false},"excerpt":{"rendered":"<p>D\u0148a 26. 3. 2026 sa konalo v\u00fdberov\u00e9 konanie na obsadenie funkcie riadite\u013ea\/riadite\u013eky \u0161koly Z\u00e1kladn\u00e1 \u0161kola a Gymn\u00e1zium s vyu\u010dovac\u00edm jazykom ma\u010farsk\u00fdm, Dunajsk\u00e1 13, Bratislava. Uch\u00e1dza\u010dka vo v\u00fdberovom konan\u00ed, Mgr. M\u00e1ria Pr\u00e9kop, na z\u00e1klade v\u00fdsledkov v\u00fdberov\u00e9ho konania bola navrhnut\u00e1 v\u00fdberovou komisiou na vymenovanie do funkcie riadite\u013eky \u0161koly. Zlo\u017eenie R\u0160 je nasledovn\u00e9: Za zamestnancov Z\u0160:\u00a0 \u00a0 \u00a0 &hellip;<\/p>\n","protected":false},"author":18,"featured_media":0,"parent":0,"menu_order":0,"comment_status":"closed","ping_status":"closed","template":"","meta":[],"_links":{"self":[{"href":"https:\/\/mtag.sk\/sk\/wp-json\/wp\/v2\/pages\/31174"}],"collection":[{"href":"https:\/\/mtag.sk\/sk\/wp-json\/wp\/v2\/pages"}],"about":[{"href":"https:\/\/mtag.sk\/sk\/wp-json\/wp\/v2\/types\/page"}],"author":[{"embeddable":true,"href":"https:\/\/mtag.sk\/sk\/wp-json\/wp\/v2\/users\/18"}],"replies":[{"embeddable":true,"href":"https:\/\/mtag.sk\/sk\/wp-json\/wp\/v2\/comments?post=31174"}],"version-history":[{"count":0,"href":"https:\/\/mtag.sk\/sk\/wp-json\/wp\/v2\/pages\/31174\/revisions"}],"wp:attachment":[{"href":"https:\/\/mtag.sk\/sk\/wp-json\/wp\/v2\/media?parent=31174"}],"curies":[{"name":"wp","href":"https:\/\/api.w.org\/{rel}","templated":true}]}}