{"id":31045,"date":"2026-02-25T14:39:34","date_gmt":"2026-02-25T13:39:34","guid":{"rendered":"https:\/\/mtag.sk\/?page_id=31045"},"modified":"2026-02-25T14:39:36","modified_gmt":"2026-02-25T13:39:36","slug":"prenajom","status":"publish","type":"page","link":"https:\/\/mtag.sk\/sk\/prenajom\/","title":{"rendered":"Pren\u00e1jom"},"content":{"rendered":"\n<h3 style=\"text-align: center;\"><strong>Cenn\u00edk pren\u00e1jmu telocvi\u010dne<\/strong><\/h3>\n<p><strong>N\u00e1zov \u0161koly:<\/strong> <strong>Z\u00e1kladn\u00e1 \u0161kola a Gymn\u00e1zium s vyu\u010dovac\u00edm jazykom ma\u010farsk\u00fdm<\/strong><br \/><strong>Magyar Tannyelv\u0171 Alapiskola \u00e9s Gimn\u00e1zium, <\/strong>Dunajsk\u00e1 13, Bratislava<\/p>\n<p><br \/><strong>Adresa:<\/strong> Dunajsk\u00e1 13,\u00a0 Bratislava<br \/><br \/><\/p>\n<p><strong>Platnos\u0165 od:<\/strong> 01.03.2026<\/p>\n<p>Mo\u017enos\u0165 pren\u00e1jmu v\u00a0popolud\u0148aj\u0161\u00edch hodin\u00e1ch pod\u013ea aktu\u00e1lneho rozvrhu hod\u00edn na\u00a0ka\u017ed\u00fd polrok \u0161kolsk\u00e9ho roku.<\/p>\n<p>Cena za\u00a0pren\u00e1jom: 30\u20ac \/ 1 hodina<\/p>\n<p>Platba za\u00a0energie a\u00a0slu\u017eby: 15\u20ac \/ 1 hodina<\/p>\n<table style=\"width: 100%;\">\n<tbody>\n<tr>\n<td style=\"width: 69.8809%; border-color: #ffffff;\">\n<p>Dlhodob\u00fd pren\u00e1jom (min. 2x t\u00fd\u017edenne, zmluva na 10 mesiacov)<\/p>\n<\/td>\n<td style=\"width: 29.1667%; border-color: #ffffff;\">\n<p>40 \u20ac<\/p>\n<\/td>\n<\/tr>\n<\/tbody>\n<\/table>\n<p><strong>Pozn\u00e1mky:<\/strong><\/p>\n<ul>\n<li>Cena zah\u0155\u0148a aj bezplatn\u00e9 parkovanie vo dvore \u0161koly po\u010das pren\u00e1jmu.<\/li>\n<li>Upratovanie nad r\u00e1mec be\u017en\u00e9ho zne\u010distenia sa \u00fa\u010dtuje samostatne.<\/li>\n<\/ul>\n","protected":false},"excerpt":{"rendered":"<p>Cenn\u00edk pren\u00e1jmu telocvi\u010dne N\u00e1zov \u0161koly: Z\u00e1kladn\u00e1 \u0161kola a Gymn\u00e1zium s vyu\u010dovac\u00edm jazykom ma\u010farsk\u00fdmMagyar Tannyelv\u0171 Alapiskola \u00e9s Gimn\u00e1zium, Dunajsk\u00e1 13, Bratislava Adresa: Dunajsk\u00e1 13,\u00a0 Bratislava Platnos\u0165 od: 01.03.2026 Mo\u017enos\u0165 pren\u00e1jmu v\u00a0popolud\u0148aj\u0161\u00edch hodin\u00e1ch pod\u013ea aktu\u00e1lneho rozvrhu hod\u00edn na\u00a0ka\u017ed\u00fd polrok \u0161kolsk\u00e9ho roku. Cena za\u00a0pren\u00e1jom: 30\u20ac \/ 1 hodina Platba za\u00a0energie a\u00a0slu\u017eby: 15\u20ac \/ 1 hodina Dlhodob\u00fd pren\u00e1jom (min. &hellip;<\/p>\n","protected":false},"author":18,"featured_media":0,"parent":0,"menu_order":0,"comment_status":"closed","ping_status":"closed","template":"","meta":[],"_links":{"self":[{"href":"https:\/\/mtag.sk\/sk\/wp-json\/wp\/v2\/pages\/31045"}],"collection":[{"href":"https:\/\/mtag.sk\/sk\/wp-json\/wp\/v2\/pages"}],"about":[{"href":"https:\/\/mtag.sk\/sk\/wp-json\/wp\/v2\/types\/page"}],"author":[{"embeddable":true,"href":"https:\/\/mtag.sk\/sk\/wp-json\/wp\/v2\/users\/18"}],"replies":[{"embeddable":true,"href":"https:\/\/mtag.sk\/sk\/wp-json\/wp\/v2\/comments?post=31045"}],"version-history":[{"count":0,"href":"https:\/\/mtag.sk\/sk\/wp-json\/wp\/v2\/pages\/31045\/revisions"}],"wp:attachment":[{"href":"https:\/\/mtag.sk\/sk\/wp-json\/wp\/v2\/media?parent=31045"}],"curies":[{"name":"wp","href":"https:\/\/api.w.org\/{rel}","templated":true}]}}