{"id":30676,"date":"2026-01-29T16:32:09","date_gmt":"2026-01-29T15:32:09","guid":{"rendered":"https:\/\/mtag.sk\/?page_id=30676"},"modified":"2026-01-30T19:01:27","modified_gmt":"2026-01-30T18:01:27","slug":"spravy","status":"publish","type":"page","link":"https:\/\/mtag.sk\/sk\/spravy\/","title":{"rendered":"Spr\u00e1vy"},"content":{"rendered":"\n<style>\n    table,td,th{\n        border: 0;\n    }\n    #wpdm-all-packages .card{\n        overflow: hidden;\n    }\n    #wpdmmydls-843046b9a317487438208d557ad1988c{\n        border-bottom: 1px solid #dddddd;\n        border-top: 1px solid #dddddd;\n        font-size: 10pt;\n        min-width: 100%;\n    }\n    #wpdmmydls-843046b9a317487438208d557ad1988c .wpdm-download-link img{\n        box-shadow: none !important;\n        max-width: 100%;\n    }\n    .w3eden .pagination{\n        margin: 0 !important;\n    }\n    #wpdmmydls-843046b9a317487438208d557ad1988c td:not(:first-child){\n        vertical-align: middle !important;\n    }\n    #wpdmmydls-843046b9a317487438208d557ad1988c td.__dt_col_download_link .btn{\n        display: block;\n        width: 100%;\n    }\n    #wpdmmydls-843046b9a317487438208d557ad1988c td.__dt_col_download_link,\n    #wpdmmydls-843046b9a317487438208d557ad1988c th#download_link{\n        max-width: 155px !important;\n        width: 155px;\n\n    }\n    #wpdmmydls-843046b9a317487438208d557ad1988c th{\n        background-color: rgba(0,0,0,0.04);\n        border-bottom: 1px solid rgba(0,0,0,0.025);\n    }\n    #wpdmmydls-843046b9a317487438208d557ad1988c_length label,\n    #wpdmmydls-843046b9a317487438208d557ad1988c_filter label{\n        font-weight: 400;\n    }\n    #wpdmmydls-843046b9a317487438208d557ad1988c_filter input[type=search]{\n        display: inline-block;\n        width: 200px;\n    }\n    #wpdmmydls-843046b9a317487438208d557ad1988c_length select{\n        display: inline-block;\n        width: 60px;\n    }\n\n    #wpdmmydls-843046b9a317487438208d557ad1988c .package-title{\n        color:#36597C;\n        font-size: 11pt;\n        font-weight: 700;\n    }\n    #wpdmmydls-843046b9a317487438208d557ad1988c .small-txt{\n        margin-right: 7px;\n    }\n    #wpdmmydls-843046b9a317487438208d557ad1988c td{\n        min-width: 150px;\n    }\n\n    #wpdmmydls-843046b9a317487438208d557ad1988c td.__dt_col_categories{\n        max-width: 300px;\n    }\n\n    #wpdmmydls-843046b9a317487438208d557ad1988c .small-txt,\n    #wpdmmydls-843046b9a317487438208d557ad1988c small{\n        font-size: 9pt;\n    }\n    .w3eden .table-striped tbody tr:nth-of-type(2n+1) {\n        background-color: rgba(0,0,0,0.015);\n    }\n    .dataTables_wrapper .dataTables_paginate .paginate_button:active,\n    .dataTables_wrapper .dataTables_paginate .paginate_button:focus,\n    .dataTables_wrapper .dataTables_paginate .paginate_button:hover,\n    .dataTables_wrapper .dataTables_paginate .paginate_button{\n        margin: 0 !important;\n        padding: 0 !important;\n        border: 0 !important;\n        background: transparent !important;\n    }\n\n\n    @media (max-width: 799px) {\n        #wpdmmydls-843046b9a317487438208d557ad1988c tr {\n            display: block;\n            border: 3px solid rgba(0,0,0,0.3) !important;\n            margin-bottom: 10px !important;\n            position: relative;\n        }\n        #wpdmmydls-843046b9a317487438208d557ad1988c thead{\n            display: none;\n        }\n        #wpdmmydls-843046b9a317487438208d557ad1988c,\n        #wpdmmydls-843046b9a317487438208d557ad1988c td:first-child {\n            border: 0 !important;\n        }\n        #wpdmmydls-843046b9a317487438208d557ad1988c td {\n            display: block;\n        }\n        #wpdmmydls-843046b9a317487438208d557ad1988c td.__dt_col_download_link {\n            display: block;\n            max-width: 100% !important;\n            width: auto !important;\n\n        }\n    }\n\n\n<\/style>\n<div class=\"w3eden\">\n    <div id=\"wpdm-all-packages\">\n        <table id=\"wpdmmydls-843046b9a317487438208d557ad1988c\" class=\"table table-striped wpdm-all-packages-table\">\n            <thead>\n            <tr>\n                                    <th style=\"\"  id=\"page_link\" class=\"\">N\u00e1zov<\/th>\n                                    <th style=\"\"  id=\"categories\" class=\"hidden-sm hidden-xs\">Kateg\u00f3rie<\/th>\n                                    <th style=\"\"  id=\"update_date\" class=\"hidden-sm hidden-xs\">D\u00e1tum \u00fapravy<\/th>\n                                    <th style=\"\"  id=\"download_link\" class=\"hidden-sm hidden-xs\">Stiahnu\u0165<\/th>\n                                <!-- th class=\"hidden-sm hidden-xs\">Kateg\u00f3rie<\/th>\n                <th class=\"hidden-xs\">D\u00e1tum vytvorenia<\/th>\n                <th style=\"width: 100px;\">Stiahnu\u0165<\/th -->\n            <\/tr>\n            <\/thead>\n            <tbody>\n            \n                    <tr class=\"__dt_row\">\n                                                    <td  class=\"__dt_col_0 __dt_col __dt_col_page_link\" style=\"background-image: url('https:\/\/mtag.sk\/wp-content\/plugins\/download-manager\/assets\/file-type-icons\/pdf.svg');background-size: 36px;background-position: 5px 8px;background-repeat:  no-repeat;padding-left: 52px;line-height: normal;\">\n                                <a class=\"package-title\" href='https:\/\/mtag.sk\/sk\/download\/sprava-2024-2025\/'>Spr\u00e1va 2024-2025<\/a><br\/><span class='__dt_file_count small-txt'><i class=\"far fa-copy\"><\/i> 1 s\u00fabor(y)<\/span><span class='__dt_download_count small-txt'><i class=\"far fa-arrow-alt-circle-down\"><\/i> 14 stiahnutia<\/span><div class=\"hidden-md hidden-lg td-mobile\"><\/div>\n\n                            <\/td>\n                                                    <td  class=\"__dt_col_1 __dt_col __dt_col_categories\" >\n                                <span class='__dt_categories '><a class='sbyc' href='https:\/\/mtag.sk\/sk\/spravy\/?wpdmc=spravy'>Spr\u00e1vy<\/a><\/span>\n\n                            <\/td>\n                                                    <td  data-order=\"1769731200\"  class=\"__dt_col_2 __dt_col __dt_col_update_date\" >\n                                <span class='__dt_update_date '>2026.01.30.<\/span>\n\n                            <\/td>\n                                                    <td  class=\"__dt_col_3 __dt_col __dt_col_download_link\" >\n                                <a class='wpdm-download-link  download-on-click btn btn-primary ' rel='nofollow' href='#' data-downloadurl=\"https:\/\/mtag.sk\/sk\/download\/sprava-2024-2025\/?wpdmdl=30593&refresh=69faabc5a3a951778035653\">Stiahnu\u0165<\/a>\n\n                            <\/td>\n                        \n                    <\/tr>\n                \n                    <tr class=\"__dt_row\">\n                                                    <td  class=\"__dt_col_0 __dt_col __dt_col_page_link\" style=\"background-image: url('https:\/\/mtag.sk\/wp-content\/plugins\/download-manager\/assets\/file-type-icons\/pdf.svg');background-size: 36px;background-position: 5px 8px;background-repeat:  no-repeat;padding-left: 52px;line-height: normal;\">\n                                <a class=\"package-title\" href='https:\/\/mtag.sk\/sk\/download\/sprava-2022-2023\/'>Spr\u00e1va 2022-2023<\/a><br\/><span class='__dt_file_count small-txt'><i class=\"far fa-copy\"><\/i> 1 s\u00fabor(y)<\/span><span class='__dt_download_count small-txt'><i class=\"far fa-arrow-alt-circle-down\"><\/i> 73 stiahnutia<\/span><div class=\"hidden-md hidden-lg td-mobile\"><\/div>\n\n                            <\/td>\n                                                    <td  class=\"__dt_col_1 __dt_col __dt_col_categories\" >\n                                <span class='__dt_categories '><a class='sbyc' href='https:\/\/mtag.sk\/sk\/spravy\/?wpdmc=spravy'>Spr\u00e1vy<\/a><\/span>\n\n                            <\/td>\n                                                    <td  data-order=\"1769731200\"  class=\"__dt_col_2 __dt_col __dt_col_update_date\" >\n                                <span class='__dt_update_date '>2026.01.30.<\/span>\n\n                            <\/td>\n                                                    <td  class=\"__dt_col_3 __dt_col __dt_col_download_link\" >\n                                <a class='wpdm-download-link  download-on-click btn btn-primary ' rel='nofollow' href='#' data-downloadurl=\"https:\/\/mtag.sk\/sk\/download\/sprava-2022-2023\/?wpdmdl=24527&refresh=69faabc5a44f51778035653\">Stiahnu\u0165<\/a>\n\n                            <\/td>\n                        \n                    <\/tr>\n                \n                    <tr class=\"__dt_row\">\n                                                    <td  class=\"__dt_col_0 __dt_col __dt_col_page_link\" style=\"background-image: url('https:\/\/mtag.sk\/wp-content\/plugins\/download-manager\/assets\/file-type-icons\/pdf.svg');background-size: 36px;background-position: 5px 8px;background-repeat:  no-repeat;padding-left: 52px;line-height: normal;\">\n                                <a class=\"package-title\" href='https:\/\/mtag.sk\/sk\/download\/sprava-2020-2021\/'>Spr\u00e1va 2020-2021<\/a><br\/><span class='__dt_file_count small-txt'><i class=\"far fa-copy\"><\/i> 1 s\u00fabor(y)<\/span><span class='__dt_download_count small-txt'><i class=\"far fa-arrow-alt-circle-down\"><\/i> 47 stiahnutia<\/span><div class=\"hidden-md hidden-lg td-mobile\"><\/div>\n\n                            <\/td>\n                                                    <td  class=\"__dt_col_1 __dt_col __dt_col_categories\" >\n                                <span class='__dt_categories '><a class='sbyc' href='https:\/\/mtag.sk\/sk\/spravy\/?wpdmc=spravy'>Spr\u00e1vy<\/a><\/span>\n\n                            <\/td>\n                                                    <td  data-order=\"1769731200\"  class=\"__dt_col_2 __dt_col __dt_col_update_date\" >\n                                <span class='__dt_update_date '>2026.01.30.<\/span>\n\n                            <\/td>\n                                                    <td  class=\"__dt_col_3 __dt_col __dt_col_download_link\" >\n                                <a class='wpdm-download-link  download-on-click btn btn-primary ' rel='nofollow' href='#' data-downloadurl=\"https:\/\/mtag.sk\/sk\/download\/sprava-2020-2021\/?wpdmdl=16841&refresh=69faabc5a4db71778035653\">Stiahnu\u0165<\/a>\n\n                            <\/td>\n                        \n                    <\/tr>\n                \n                    <tr class=\"__dt_row\">\n                                                    <td  class=\"__dt_col_0 __dt_col __dt_col_page_link\" style=\"background-image: url('http:\/\/mtag.sk\/wp-content\/plugins\/download-manager\/assets\/file-type-icons\/pdf.png');background-size: 36px;background-position: 5px 8px;background-repeat:  no-repeat;padding-left: 52px;line-height: normal;\">\n                                <a class=\"package-title\" href='https:\/\/mtag.sk\/sk\/download\/sprava-2019-2020\/'>Spr\u00e1va 2019-2020<\/a><br\/><span class='__dt_file_count small-txt'><i class=\"far fa-copy\"><\/i> 1 s\u00fabor(y)<\/span><span class='__dt_download_count small-txt'><i class=\"far fa-arrow-alt-circle-down\"><\/i> 59 stiahnutia<\/span><div class=\"hidden-md hidden-lg td-mobile\"><\/div>\n\n                            <\/td>\n                                                    <td  class=\"__dt_col_1 __dt_col __dt_col_categories\" >\n                                <span class='__dt_categories '><a class='sbyc' href='https:\/\/mtag.sk\/sk\/spravy\/?wpdmc=spravy'>Spr\u00e1vy<\/a><\/span>\n\n                            <\/td>\n                                                    <td  data-order=\"1607990400\"  class=\"__dt_col_2 __dt_col __dt_col_update_date\" >\n                                <span class='__dt_update_date '>2020.12.15.<\/span>\n\n                            <\/td>\n                                                    <td  class=\"__dt_col_3 __dt_col __dt_col_download_link\" >\n                                <a class='wpdm-download-link  download-on-click btn btn-primary ' rel='nofollow' href='#' data-downloadurl=\"https:\/\/mtag.sk\/sk\/download\/sprava-2019-2020\/?wpdmdl=13996&refresh=69faabc5a581d1778035653\">Stiahnu\u0165<\/a>\n\n                            <\/td>\n                        \n                    <\/tr>\n                \n                    <tr class=\"__dt_row\">\n                                                    <td  class=\"__dt_col_0 __dt_col __dt_col_page_link\" style=\"background-image: url('http:\/\/mtag.sk\/wp-content\/plugins\/download-manager\/assets\/file-type-icons\/pdf.png');background-size: 36px;background-position: 5px 8px;background-repeat:  no-repeat;padding-left: 52px;line-height: normal;\">\n                                <a class=\"package-title\" href='https:\/\/mtag.sk\/sk\/download\/sprava-2018-2019\/'>Spr\u00e1va 2018\/2019<\/a><br\/><span class='__dt_file_count small-txt'><i class=\"far fa-copy\"><\/i> 1 s\u00fabor(y)<\/span><span class='__dt_download_count small-txt'><i class=\"far fa-arrow-alt-circle-down\"><\/i> 51 stiahnutia<\/span><div class=\"hidden-md hidden-lg td-mobile\"><\/div>\n\n                            <\/td>\n                                                    <td  class=\"__dt_col_1 __dt_col __dt_col_categories\" >\n                                <span class='__dt_categories '><a class='sbyc' href='https:\/\/mtag.sk\/sk\/spravy\/?wpdmc=spravy'>Spr\u00e1vy<\/a><\/span>\n\n                            <\/td>\n                                                    <td  data-order=\"1573516800\"  class=\"__dt_col_2 __dt_col __dt_col_update_date\" >\n                                <span class='__dt_update_date '>2019.11.12.<\/span>\n\n                            <\/td>\n                                                    <td  class=\"__dt_col_3 __dt_col __dt_col_download_link\" >\n                                <a class='wpdm-download-link  download-on-click btn btn-primary ' rel='nofollow' href='#' data-downloadurl=\"https:\/\/mtag.sk\/sk\/download\/sprava-2018-2019\/?wpdmdl=11006&refresh=69faabc5a60e11778035653\">Stiahnu\u0165<\/a>\n\n                            <\/td>\n                        \n                    <\/tr>\n                \n                    <tr class=\"__dt_row\">\n                                                    <td  class=\"__dt_col_0 __dt_col __dt_col_page_link\" style=\"background-image: url('http:\/\/mtag.sk\/wp-content\/plugins\/download-manager\/assets\/file-type-icons\/pdf.png');background-size: 36px;background-position: 5px 8px;background-repeat:  no-repeat;padding-left: 52px;line-height: normal;\">\n                                <a class=\"package-title\" href='https:\/\/mtag.sk\/sk\/download\/sprava-2017-2018\/'>Spr\u00e1va 2017\/2018<\/a><br\/><span class='__dt_file_count small-txt'><i class=\"far fa-copy\"><\/i> 1 s\u00fabor(y)<\/span><span class='__dt_download_count small-txt'><i class=\"far fa-arrow-alt-circle-down\"><\/i> 34 stiahnutia<\/span><div class=\"hidden-md hidden-lg td-mobile\"><\/div>\n\n                            <\/td>\n                                                    <td  class=\"__dt_col_1 __dt_col __dt_col_categories\" >\n                                <span class='__dt_categories '><a class='sbyc' href='https:\/\/mtag.sk\/sk\/spravy\/?wpdmc=spravy'>Spr\u00e1vy<\/a><\/span>\n\n                            <\/td>\n                                                    <td  data-order=\"1544659200\"  class=\"__dt_col_2 __dt_col __dt_col_update_date\" >\n                                <span class='__dt_update_date '>2018.12.13.<\/span>\n\n                            <\/td>\n                                                    <td  class=\"__dt_col_3 __dt_col __dt_col_download_link\" >\n                                <a class='wpdm-download-link  download-on-click btn btn-primary ' rel='nofollow' href='#' data-downloadurl=\"https:\/\/mtag.sk\/sk\/download\/sprava-2017-2018\/?wpdmdl=9370&refresh=69faabc5a699c1778035653\">Stiahnu\u0165<\/a>\n\n                            <\/td>\n                        \n                    <\/tr>\n                \n                    <tr class=\"__dt_row\">\n                                                    <td  class=\"__dt_col_0 __dt_col __dt_col_page_link\" style=\"background-image: url('http:\/\/mtag.sk\/wp-content\/plugins\/download-manager\/assets\/file-type-icons\/pdf.png');background-size: 36px;background-position: 5px 8px;background-repeat:  no-repeat;padding-left: 52px;line-height: normal;\">\n                                <a class=\"package-title\" href='https:\/\/mtag.sk\/sk\/download\/sprava-2015-2016\/'>Spr\u00e1va 2015-2016<\/a><br\/><span class='__dt_file_count small-txt'><i class=\"far fa-copy\"><\/i> 1 s\u00fabor(y)<\/span><span class='__dt_download_count small-txt'><i class=\"far fa-arrow-alt-circle-down\"><\/i> 56 stiahnutia<\/span><div class=\"hidden-md hidden-lg td-mobile\"><\/div>\n\n                            <\/td>\n                                                    <td  class=\"__dt_col_1 __dt_col __dt_col_categories\" >\n                                <span class='__dt_categories '><a class='sbyc' href='https:\/\/mtag.sk\/sk\/spravy\/?wpdmc=spravy'>Spr\u00e1vy<\/a><\/span>\n\n                            <\/td>\n                                                    <td  data-order=\"1484092800\"  class=\"__dt_col_2 __dt_col __dt_col_update_date\" >\n                                <span class='__dt_update_date '>2017.01.11.<\/span>\n\n                            <\/td>\n                                                    <td  class=\"__dt_col_3 __dt_col __dt_col_download_link\" >\n                                <a class='wpdm-download-link  download-on-click btn btn-primary ' rel='nofollow' href='#' data-downloadurl=\"https:\/\/mtag.sk\/sk\/download\/sprava-2015-2016\/?wpdmdl=6482&refresh=69faabc5a728a1778035653\">Stiahnu\u0165<\/a>\n\n                            <\/td>\n                        \n                    <\/tr>\n                \n                    <tr class=\"__dt_row\">\n                                                    <td  class=\"__dt_col_0 __dt_col __dt_col_page_link\" style=\"background-image: url('http:\/\/mtag.sk\/wp-content\/plugins\/download-manager\/file-type-icons\/pdf.png');background-size: 36px;background-position: 5px 8px;background-repeat:  no-repeat;padding-left: 52px;line-height: normal;\">\n                                <a class=\"package-title\" href='https:\/\/mtag.sk\/sk\/download\/sprava-2014-2015\/'>Spr\u00e1va 2014-2015<\/a><br\/><span class='__dt_file_count small-txt'><i class=\"far fa-copy\"><\/i> 1 s\u00fabor(y)<\/span><span class='__dt_download_count small-txt'><i class=\"far fa-arrow-alt-circle-down\"><\/i> 53 stiahnutia<\/span><div class=\"hidden-md hidden-lg td-mobile\"><\/div>\n\n                            <\/td>\n                                                    <td  class=\"__dt_col_1 __dt_col __dt_col_categories\" >\n                                <span class='__dt_categories '><a class='sbyc' href='https:\/\/mtag.sk\/sk\/spravy\/?wpdmc=spravy'>Spr\u00e1vy<\/a><\/span>\n\n                            <\/td>\n                                                    <td  data-order=\"1450656000\"  class=\"__dt_col_2 __dt_col __dt_col_update_date\" >\n                                <span class='__dt_update_date '>2015.12.21.<\/span>\n\n                            <\/td>\n                                                    <td  class=\"__dt_col_3 __dt_col __dt_col_download_link\" >\n                                <a class='wpdm-download-link  download-on-click btn btn-primary ' rel='nofollow' href='#' data-downloadurl=\"https:\/\/mtag.sk\/sk\/download\/sprava-2014-2015\/?wpdmdl=4735&refresh=69faabc5a7b531778035653\">Stiahnu\u0165<\/a>\n\n                            <\/td>\n                        \n                    <\/tr>\n                \n                    <tr class=\"__dt_row\">\n                                                    <td  class=\"__dt_col_0 __dt_col __dt_col_page_link\" style=\"background-image: url('download-manager\/file-type-icons\/pdf.png');background-size: 36px;background-position: 5px 8px;background-repeat:  no-repeat;padding-left: 52px;line-height: normal;\">\n                                <a class=\"package-title\" href='https:\/\/mtag.sk\/sk\/download\/sprava-2013-2014\/'>Spr\u00e1va 2013-2014<\/a><br\/><span class='__dt_file_count small-txt'><i class=\"far fa-copy\"><\/i> 1 s\u00fabor(y)<\/span><span class='__dt_download_count small-txt'><i class=\"far fa-arrow-alt-circle-down\"><\/i> 190 stiahnutia<\/span><div class=\"hidden-md hidden-lg td-mobile\"><\/div>\n\n                            <\/td>\n                                                    <td  class=\"__dt_col_1 __dt_col __dt_col_categories\" >\n                                <span class='__dt_categories '><a class='sbyc' href='https:\/\/mtag.sk\/sk\/spravy\/?wpdmc=spravy'>Spr\u00e1vy<\/a><\/span>\n\n                            <\/td>\n                                                    <td  data-order=\"1419897600\"  class=\"__dt_col_2 __dt_col __dt_col_update_date\" >\n                                <span class='__dt_update_date '>2014.12.30.<\/span>\n\n                            <\/td>\n                                                    <td  class=\"__dt_col_3 __dt_col __dt_col_download_link\" >\n                                <a class='wpdm-download-link  download-on-click btn btn-primary ' rel='nofollow' href='#' data-downloadurl=\"https:\/\/mtag.sk\/sk\/download\/sprava-2013-2014\/?wpdmdl=2413&refresh=69faabc5a84141778035653\">Stiahnu\u0165<\/a>\n\n                            <\/td>\n                        \n                    <\/tr>\n                \n                    <tr class=\"__dt_row\">\n                                                    <td  class=\"__dt_col_0 __dt_col __dt_col_page_link\" style=\"background-image: url('download-manager\/file-type-icons\/pdf.png');background-size: 36px;background-position: 5px 8px;background-repeat:  no-repeat;padding-left: 52px;line-height: normal;\">\n                                <a class=\"package-title\" href='https:\/\/mtag.sk\/sk\/download\/sprava-2012-2013\/'>Spr\u00e1va 2012-2013<\/a><br\/><span class='__dt_file_count small-txt'><i class=\"far fa-copy\"><\/i> 1 s\u00fabor(y)<\/span><span class='__dt_download_count small-txt'><i class=\"far fa-arrow-alt-circle-down\"><\/i> 165 stiahnutia<\/span><div class=\"hidden-md hidden-lg td-mobile\"><\/div>\n\n                            <\/td>\n                                                    <td  class=\"__dt_col_1 __dt_col __dt_col_categories\" >\n                                <span class='__dt_categories '><a class='sbyc' href='https:\/\/mtag.sk\/sk\/spravy\/?wpdmc=spravy'>Spr\u00e1vy<\/a><\/span>\n\n                            <\/td>\n                                                    <td  data-order=\"1421366400\"  class=\"__dt_col_2 __dt_col __dt_col_update_date\" >\n                                <span class='__dt_update_date '>2015.01.16.<\/span>\n\n                            <\/td>\n                                                    <td  class=\"__dt_col_3 __dt_col __dt_col_download_link\" >\n                                <a class='wpdm-download-link  download-on-click btn btn-primary ' rel='nofollow' href='#' data-downloadurl=\"https:\/\/mtag.sk\/sk\/download\/sprava-2012-2013\/?wpdmdl=2461&refresh=69faabc5a8ca11778035653\">Stiahnu\u0165<\/a>\n\n                            <\/td>\n                        \n                    <\/tr>\n                                        <\/tbody>\n        <\/table>\n\n        <div class='text-center'><ul class='page-numbers pagination pagination-centered'>\n\t<li><span aria-current=\"page\" class=\"page-numbers current\">1<\/span><\/li>\n\t<li><a class=\"page-numbers\" href=\"https:\/\/mtag.sk\/sk\/wp-json\/wp\/v2\/pages\/30676\/page\/2\/\">2<\/a><\/li>\n\t<li><a class=\"next page-numbers\" href=\"https:\/\/mtag.sk\/sk\/wp-json\/wp\/v2\/pages\/30676\/page\/2\/\">\u010eal\u0161\u00ed <i class=\"fa fa-long-arrow-right\"><\/i><\/a><\/li>\n<\/ul>\n<\/div>\n    <\/div>\n<\/div>\n\n","protected":false},"excerpt":{"rendered":"<p>Spr\u00e1va o v\u00fdsledkoch a podmienkach v\u00fdchovno\u2013vzdel\u00e1vacej \u010dinnosti za \u0161kolsk\u00fd rok 2013\/2014.<\/p>\n","protected":false},"author":18,"featured_media":0,"parent":0,"menu_order":0,"comment_status":"closed","ping_status":"closed","template":"","meta":[],"_links":{"self":[{"href":"https:\/\/mtag.sk\/sk\/wp-json\/wp\/v2\/pages\/30676"}],"collection":[{"href":"https:\/\/mtag.sk\/sk\/wp-json\/wp\/v2\/pages"}],"about":[{"href":"https:\/\/mtag.sk\/sk\/wp-json\/wp\/v2\/types\/page"}],"author":[{"embeddable":true,"href":"https:\/\/mtag.sk\/sk\/wp-json\/wp\/v2\/users\/18"}],"replies":[{"embeddable":true,"href":"https:\/\/mtag.sk\/sk\/wp-json\/wp\/v2\/comments?post=30676"}],"version-history":[{"count":0,"href":"https:\/\/mtag.sk\/sk\/wp-json\/wp\/v2\/pages\/30676\/revisions"}],"wp:attachment":[{"href":"https:\/\/mtag.sk\/sk\/wp-json\/wp\/v2\/media?parent=30676"}],"curies":[{"name":"wp","href":"https:\/\/api.w.org\/{rel}","templated":true}]}}