{"id":28493,"date":"2025-04-09T14:18:29","date_gmt":"2025-04-09T12:18:29","guid":{"rendered":"https:\/\/mtag.sk\/?page_id=28493"},"modified":"2025-04-09T14:18:30","modified_gmt":"2025-04-09T12:18:30","slug":"navrh-na-zacatie-konania-vzor","status":"publish","type":"page","link":"https:\/\/mtag.sk\/sk\/navrh-na-zacatie-konania-vzor\/","title":{"rendered":"n\u00e1vrh na za\u010datie konania (vzor)"},"content":{"rendered":"\n[Meno a\u00a0priezvisko toho, kto n\u00e1vrh pod\u00e1va, kore\u0161ponden\u010dn\u00e1 adresa]\n<p>\u00a0<\/p>\n<p style=\"text-align: right;\">\u00darad na ochranu osobn\u00fdch \u00fadajov<\/p>\n<p style=\"text-align: right;\">Slovenskej republiky<\/p>\n<p style=\"text-align: right;\">Hrani\u010dn\u00e1 12<\/p>\n<p style=\"text-align: right;\">820 07\u00a0 Bratislava<\/p>\n<p>\u00a0<\/p>\n<p style=\"text-align: right;\">V [<em>miesto<\/em>], d\u0148a [<em>de\u0148, mesiac, rok<\/em>]\n<p>\u00a0<\/p>\n<p>Vec<\/p>\n<p><strong>N\u00e1vrh na za\u010datie konania o\u00a0ochrane osobn\u00fdch \u00fadajov<\/strong><\/p>\n<p>D\u0148a [<em>kedy:<\/em> de\u0148, mesiac, rok] som zistil\/a, \u017ee [<em>kto:<\/em> meno, priezvisko, trval\u00fd pobyt <em>alebo<\/em> n\u00e1zov spolo\u010dnosti, s\u00eddlo, identifika\u010dn\u00e9 \u010d\u00edslo spolo\u010dnosti] poru\u0161uje ochranu mojich osobn\u00fdch \u00fadajov, konkr\u00e9tne [<em>\u010do sa stalo:<\/em> ozna\u010di\u0165 pr\u00e1va, ktor\u00e9 mali by\u0165 pri sprac\u00favan\u00ed osobn\u00fdch \u00fadajov poru\u0161en\u00e9 a\u00a0ako k\u00a0dan\u00e9mu poru\u0161eniu do\u0161lo,<em> napr.<\/em> <em>prev\u00e1dzkovate\u013e zverejnil moje osobn\u00e9 \u00fadaje v\u00a0rozsahu meno, priezvisko, adresa, fotografia, na ktor\u00e9 som nedal\/a s\u00fahlas a\u00a0nie je mi zn\u00e1me, \u017ee by existoval in\u00fd pr\u00e1vny z\u00e1klad na tak\u00e9to sprac\u00favanie<\/em>].<\/p>\n<p>Svoje tvrdenie o\u00a0zverejnen\u00ed osobn\u00fdch \u00fadajov preukazujem d\u00f4kazom, ktor\u00fd tvor\u00ed pr\u00edlohu tohto podania [<em>napr. screenshot internetovej str\u00e1nky prev\u00e1dzkovate\u013ea, na ktorom s\u00fa vidite\u013en\u00e9 moje osobn\u00e9 \u00fadaje<\/em>].<\/p>\n<p>Z\u00e1rove\u0148 \u00faradu predklad\u00e1m k\u00f3piu dokumentu [<em>napr. listu zo d\u0148a dd.mm.rrrr<\/em>], ktor\u00fdm som si u\u00a0prev\u00e1dzkovate\u013ea uplatnil\/a svoje pr\u00e1vo dotknutej osoby [<em>napr. pr\u00e1vo na v\u00fdmaz<\/em>]<em>. <\/em>Z\u00e1rove\u0148 v\u00a0pr\u00edlohe tohto podania priklad\u00e1m odpove\u010f prev\u00e1dzkovate\u013ea zo d\u0148a [<em>de\u0148, mesiac, rok<\/em>] na moju v\u00fdzvu, ktorou som i\u00a0uplatnil\/a pr\u00e1vo na v\u00fdmaz.<\/p>\n<p>Vzh\u013eadom na skuto\u010dnos\u0165, \u017ee som na tak\u00e9to sprac\u00favanie osobn\u00fdch \u00fadajov nedal\/a s\u00fahlas a\u00a0s\u00a0argument\u00e1ciou prev\u00e1dzkovate\u013ea sa nestoto\u017e\u0148ujem z\u00a0d\u00f4vodu [<em>uvies\u0165 d\u00f4vod, pre\u010do pova\u017eujete odpove\u010f prev\u00e1dzkovate\u013ea za nedostato\u010dn\u00fa<\/em>], pod\u00e1vam pod\u013ea \u00a7 100 ods. 1 a\u00a03 z\u00e1kona \u010d. 18\/2018 Z. z. o\u00a0ochrane osobn\u00fdch \u00fadajov v\u00a0znen\u00ed neskor\u0161\u00edch predpisov (\u010falej len \u201ez\u00e1kon \u010d. 18\/2018 Z. z.\u201c) n\u00e1vrh na\u00a0za\u010datie konania o\u00a0ochrane osobn\u00fdch \u00fadajov.<\/p>\n<p>Vo vz\u0165ahu k\u00a0podmienkam ustanoven\u00fdm v \u00a7 100 ods. 5 p\u00edsm. b) a\u00a0d) z\u00e1kona \u010d. 18\/2018 Z. z. prehlasujem, \u017ee<\/p>\n<ol>\n<li>nem\u00e1m \u017eiadnu vedomos\u0165 o\u00a0tom, \u017ee vec, ktorej sa m\u00f4j n\u00e1vrh t\u00fdka, prejedn\u00e1va s\u00fad alebo org\u00e1n \u010dinn\u00fd v\u00a0trestnom konan\u00ed a<\/li>\n<li>od udalosti, ktorej sa m\u00f4j n\u00e1vrh t\u00fdka, v\u00a0de\u0148 jeho doru\u010denia \u00faradu neuplyn\u00fa viac ako tri roky.<\/li>\n<\/ol>\n<p>T\u00fdmto, \u017eiadam \u00darad na ochranu osobn\u00fdch \u00fadajov Slovenskej republiky, aby vo veci m\u00f4jho n\u00e1vrhu za\u010dal konanie o\u00a0ochrane osobn\u00fdch \u00fadajov.<\/p>\n<p>\u00a0<\/p>\n<p>\u00a0\u00a0\u00a0\u00a0\u00a0\u00a0\u00a0\u00a0\u00a0\u00a0\u00a0\u00a0\u00a0\u00a0\u00a0\u00a0\u00a0\u00a0\u00a0\u00a0\u00a0\u00a0\u00a0\u00a0\u00a0\u00a0\u00a0\u00a0\u00a0\u00a0\u00a0\u00a0\u00a0\u00a0\u00a0\u00a0\u00a0\u00a0\u00a0\u00a0\u00a0\u00a0\u00a0\u00a0\u00a0\u00a0\u00a0\u00a0\u00a0\u00a0\u00a0\u00a0\u00a0\u00a0\u00a0\u00a0\u00a0\u00a0\u00a0\u00a0\u00a0\u00a0\u00a0\u00a0\u00a0\u00a0\u00a0\u00a0\u00a0\u00a0 \u00a0\u00a0\u00a0\u00a0\u00a0\u00a0\u00a0\u00a0\u00a0\u00a0\u00a0 [<em>podpis navrhovate\u013ea\/dotknutej osoby<\/em>]\n<p>\u00a0<\/p>\n<p>Pr\u00edlohy:<\/p>\n<ol>\n<li>D\u00f4kaz &#8211; [<em> print screen obrazovky webov\u00e9ho prehliada\u010da, na ktorom s\u00fa zverejnen\u00e9 moje osobn\u00e9 \u00fadaje v\u00a0rozsahu meno, priezvisko, adresa, fotografia, pr\u00edpadne link<\/em> ]<\/li>\n<li>K\u00f3pia listiny, ktor\u00fdm som si uplatnil\/a svoje pr\u00e1vo na v\u00fdmaz zo d\u0148a [<em>de\u0148, mesiac, rok<\/em>]<\/li>\n<li>K\u00f3pia listiny zo d\u0148a [<em>de\u0148, mesiac, rok<\/em>], ktorou prev\u00e1dzkovate\u013e reagoval na moju v\u00fdzvu<\/li>\n<\/ol>\n\n\n\n<div class=\"wp-block-file\"><a href=\"https:\/\/mtag.sk\/wp-content\/uploads\/2025\/04\/navrh-na-zacatie-konania-vzor.docx\">navrh-na-zacatie-konania-vzor<\/a><a href=\"https:\/\/mtag.sk\/wp-content\/uploads\/2025\/04\/navrh-na-zacatie-konania-vzor.docx\" class=\"wp-block-file__button\" download>Let\u00f6lt\u00e9s<\/a><\/div>\n","protected":false},"excerpt":{"rendered":"<p>[Meno a\u00a0priezvisko toho, kto n\u00e1vrh pod\u00e1va, kore\u0161ponden\u010dn\u00e1 adresa] \u00a0 \u00darad na ochranu osobn\u00fdch \u00fadajov Slovenskej republiky Hrani\u010dn\u00e1 12 820 07\u00a0 Bratislava \u00a0 V [miesto], d\u0148a [de\u0148, mesiac, rok] \u00a0 Vec N\u00e1vrh na za\u010datie konania o\u00a0ochrane osobn\u00fdch \u00fadajov D\u0148a [kedy: de\u0148, mesiac, rok] som zistil\/a, \u017ee [kto: meno, priezvisko, trval\u00fd pobyt alebo n\u00e1zov spolo\u010dnosti, s\u00eddlo, identifika\u010dn\u00e9 &hellip;<\/p>\n","protected":false},"author":18,"featured_media":0,"parent":0,"menu_order":0,"comment_status":"closed","ping_status":"closed","template":"","meta":[],"_links":{"self":[{"href":"https:\/\/mtag.sk\/sk\/wp-json\/wp\/v2\/pages\/28493"}],"collection":[{"href":"https:\/\/mtag.sk\/sk\/wp-json\/wp\/v2\/pages"}],"about":[{"href":"https:\/\/mtag.sk\/sk\/wp-json\/wp\/v2\/types\/page"}],"author":[{"embeddable":true,"href":"https:\/\/mtag.sk\/sk\/wp-json\/wp\/v2\/users\/18"}],"replies":[{"embeddable":true,"href":"https:\/\/mtag.sk\/sk\/wp-json\/wp\/v2\/comments?post=28493"}],"version-history":[{"count":0,"href":"https:\/\/mtag.sk\/sk\/wp-json\/wp\/v2\/pages\/28493\/revisions"}],"wp:attachment":[{"href":"https:\/\/mtag.sk\/sk\/wp-json\/wp\/v2\/media?parent=28493"}],"curies":[{"name":"wp","href":"https:\/\/api.w.org\/{rel}","templated":true}]}}