{"id":28487,"date":"2025-04-09T14:10:50","date_gmt":"2025-04-09T12:10:50","guid":{"rendered":"https:\/\/mtag.sk\/?page_id=28487"},"modified":"2025-04-09T14:10:51","modified_gmt":"2025-04-09T12:10:51","slug":"cookies","status":"publish","type":"page","link":"https:\/\/mtag.sk\/sk\/cookies\/","title":{"rendered":"cookies"},"content":{"rendered":"\n<p><strong>Inform\u00e1cie o\u00a0spracovan\u00ed cookies<\/strong><\/p>\n<ul>\n<li><strong>19 z\u00e1kona \u010d. 18\/2018 Z.z. o\u00a0ochrane osobn\u00fdch \u00fadajov<\/strong><\/li>\n<\/ul>\n<p><strong>\u00da\u010del sprac\u00favania cookies<\/strong><\/p>\n<p><strong>\u00a0<\/strong><strong>Ako prev\u00e1dzkovate\u013e web str\u00e1nky sprac\u00favame len technicky nevyhnutn\u00e9 cookies. Webstr\u00e1nka pou\u017e\u00edva len technicky nevyhnutn\u00e9 cookies. Nie s\u00fa pou\u017e\u00edvan\u00e9 \u017eiadne reklamn\u00e9, analytick\u00e9 alebo in\u00e9 cookies. \u017diadne cookies nie s\u00fa zdie\u013ean\u00e9 s tret\u00edmi osobami. V\u00a0pr\u00edpade pou\u017e\u00edvania Edupage, t\u00fdmto vyhlasujeme, \u017ee Edupage pou\u017e\u00edva iba dve technick\u00e9 cookies. Jedno (do\u010dasn\u00e9, ktor\u00e9 sa samo odstr\u00e1ni po zatvoren\u00ed prehliada\u010da) je nevyhnutn\u00e9 pre fungovanie prihl\u00e1senie a druh\u00e9 zvy\u0161uje bezpe\u010dnos\u0165 prihl\u00e1senia z\u00a0nezn\u00e1meho po\u010d\u00edta\u010da.<\/strong><\/p>\n<p>\u00a0<\/p>\n<p>Ide o nevyhnutn\u00e9 s\u00fabory cookie, ktor\u00e9 pom\u00e1haj\u00fa vytv\u00e1ra\u0165 pou\u017eite\u013en\u00e9 webov\u00e9 str\u00e1nky tak, \u017ee umo\u017e\u0148uj\u00fa funkcie, ako je napr\u00edklad navig\u00e1cia str\u00e1nky a pr\u00edstup k chr\u00e1nen\u00fdm oblastiam webov\u00fdch str\u00e1nok. Webov\u00e9 str\u00e1nky nem\u00f4\u017eu riadne fungova\u0165 bez nevyhnutn\u00fdch cookies. Obmedzenie ich spracovania m\u00f4\u017ee ma\u0165 za n\u00e1sledok nespr\u00e1vne fungovanie webstr\u00e1nky, alebo obmedzenie funkcionality webstr\u00e1nky.<\/p>\n<p><strong>\u00a0<\/strong><strong>Pr\u00e1vny z\u00e1klad sprac\u00favania cookies\u00a0<\/strong><\/p>\n<p>Pod\u013ea z\u00e1kona je mo\u017en\u00e9 bez z\u00edskania s\u00fahlasu sprac\u00fava\u0165 cookies, ktor\u00e9 s\u00fa nevyhnutn\u00e9 na spr\u00e1vne fungovanie webstr\u00e1nky a jej funkcionalitu pre u\u017e\u00edvate\u013eov. Pri ostatn\u00fdch cookies je s\u00fahlas potrebn\u00fd a\u00a0pr\u00e1vnym z\u00e1kladom je s\u00fahlas so sprac\u00favan\u00edm svojich osobn\u00fdch \u00fadajov.<\/p>\n<p><strong>\u00a0<\/strong><strong>Identifik\u00e1cia pr\u00edjemcu alebo kateg\u00f3riu pr\u00edjemcu cookies, ak existuje<\/strong><\/p>\n<p><strong>Inform\u00e1cia o prenose cookies do tretej krajiny<\/strong><\/p>\n<p>Prev\u00e1dzkovate\u013e nezam\u00fd\u0161\u013ea prenies\u0165 osobn\u00e9 \u00fadaje do tretej krajiny alebo medzin\u00e1rodnej organiz\u00e1cii.<\/p>\n<p><strong>\u00a0<\/strong><\/p>\n<p><strong>Inform\u00e1cie o dobe uchov\u00e1vania cookies<\/strong><\/p>\n<p>Pou\u017e\u00edvame len dve technick\u00e9 cookies. Jedno (do\u010dasn\u00e9, ktor\u00e9 sa samo odstr\u00e1ni po zatvoren\u00ed prehliada\u010da) je nevyhnutn\u00e9 pre fungovanie prihl\u00e1senie a druh\u00e9 zvy\u0161uje bezpe\u010dnos\u0165 prihl\u00e1senia z nezn\u00e1meho po\u010d\u00edta\u010da pri max. lehote doby uchov\u00e1vania 4 roky.<\/p>\n<p><strong>Inform\u00e1cie o pr\u00e1vach dotknutej osoby<\/strong><\/p>\n<ul>\n<li>pr\u00e1vo kedyko\u013evek odvola\u0165 svoj s\u00fahlas,<\/li>\n<li>pr\u00e1vo poda\u0165 n\u00e1vrh na za\u010datie konania dozorn\u00e9mu org\u00e1nu<\/li>\n<li>pr\u00e1vo na pr\u00edstup k osobn\u00fdm \u00fadajom,<\/li>\n<li>pr\u00e1vo na opravu osobn\u00fdch \u00fadajov,<\/li>\n<li>pr\u00e1vo na v\u00fdmaz osobn\u00fdch \u00fadajov,<\/li>\n<li>pr\u00e1vo na obmedzenie sprac\u00favania osobn\u00fdch \u00fadajov,<\/li>\n<li>pr\u00e1vo na prenosnos\u0165 osobn\u00fdch \u00fadajov,<\/li>\n<li>pr\u00e1vo namieta\u0165 sprac\u00favanie osobn\u00fdch \u00fadajov,<\/li>\n<li>pr\u00e1vo na to, aby sa na \u0148u nevz\u0165ahovalo rozhodnutie, ktor\u00e9 je zalo\u017een\u00e9 v\u00fdlu\u010dne na automatizovanom sprac\u00favan\u00ed osobn\u00fdch \u00fadajov vr\u00e1tane profilovania, ako aj pr\u00e1vo na inform\u00e1ciu, \u010di existuje tak\u00e9to rozhodovanie<\/li>\n<\/ul>\n<p><strong>\u00a0<\/strong><strong>Inform\u00e1cia, \u010di je poskytovanie \u00fadajov z\u00e1konnou alebo zmluvnou po\u017eiadavkou<\/strong><\/p>\n<p>Poskytovanie cookies <strong>nie je z\u00e1konnou alebo zmluvnou po\u017eiadavkou<\/strong>.<\/p>\n<p><strong>Inform\u00e1cia, \u010di je dotknut\u00e1 osoba povinn\u00e1 poskytn\u00fa\u0165 cookies, ako aj o mo\u017en\u00fdch n\u00e1sledkoch neposkytnutia cookies<\/strong><\/p>\n<p>Pri cookies poskytnutie \u00fadajov s\u00edce nie je povinn\u00e9, m\u00f4\u017ee ma\u0165 ale ur\u010dit\u00e9 n\u00e1sledky. Ak dotknut\u00e1 osoba\u00a0odmietne spracovanie funk\u010dn\u00fdch cookies, m\u00f4\u017ee to ma\u0165 za n\u00e1sledok\u00a0nespr\u00e1vne fungovanie webstr\u00e1nky, alebo\u00a0obmedzenie funkcionality webstr\u00e1nky.<\/p>\n<p><strong>Inform\u00e1cie o\u00a0spracovan\u00ed na in\u00fd \u00fa\u010del<\/strong><\/p>\n<p>Prev\u00e1dzkovate\u013e je povinn\u00fd poskytn\u00fa\u0165 dotknutej osobe pred \u010fal\u0161\u00edm sprac\u00favan\u00edm osobn\u00fdch \u00fadajov inform\u00e1cie o inom \u00fa\u010dele, ak m\u00e1 prev\u00e1dzkovate\u013e v \u00famysle \u010falej sprac\u00fava\u0165 osobn\u00e9 \u00fadaje\u00a0na in\u00fd \u00fa\u010del ako ten, na ktor\u00fd boli z\u00edskan\u00e9.<\/p>\n<p><strong>Prev\u00e1dzkovate\u013e nem\u00e1 v\u00a0\u00famysle <\/strong>\u010falej sprac\u00fava\u0165 osobn\u00e9 \u00fadaje\u00a0<strong>na in\u00fd \u00fa\u010del ako ten, na ktor\u00fd boli z\u00edskan\u00e9.<\/strong><\/p>\n<p>Pre bli\u017e\u0161ie inform\u00e1cie oh\u013eadom sprac\u00favania cookies, ako aj kv\u00f4li uplatneniu Va\u0161ich pr\u00e1v ako dotknutej osoby, n\u00e1s pros\u00edm v\u00a0pr\u00edpade z\u00e1ujmu, \u00a0kontaktujte na vy\u0161\u0161ie uveden\u00e9 kontaktn\u00e9 \u00fadaje.<\/p>\n<p><strong>Ako to funguje?\u00a0<\/strong><\/p>\n<p>Cookie je mal\u00fd s\u00fabor, ktor\u00fd sa uklad\u00e1 na pevn\u00fd disk po\u010d\u00edta\u010da, telef\u00f3nu alebo in\u00e9ho zariadenia z\u00e1kazn\u00edka. Tento s\u00fabor zaznamen\u00e1va inform\u00e1cie o va\u0161ich predch\u00e1dzaj\u00facich n\u00e1v\u0161tev\u00e1ch webu, ako napr\u00edklad d\u00e1tum a \u010das, URL adresu str\u00e1nky, odkia\u013e ste sa na n\u00e1\u0161 web preklikli, typ pou\u017eit\u00e9ho internetov\u00e9ho prehliada\u010da a pod. Prev\u00e1dzkovate\u013e spracov\u00e1va na t\u00fdchto webov\u00fdch str\u00e1nkach nevyhnutn\u00e9 a analytick\u00e9 cookies potrebn\u00e9 pre fungovanie webov\u00fdch str\u00e1nok.<\/p>\n","protected":false},"excerpt":{"rendered":"<p>Inform\u00e1cie o\u00a0spracovan\u00ed cookies 19 z\u00e1kona \u010d. 18\/2018 Z.z. o\u00a0ochrane osobn\u00fdch \u00fadajov \u00da\u010del sprac\u00favania cookies \u00a0Ako prev\u00e1dzkovate\u013e web str\u00e1nky sprac\u00favame len technicky nevyhnutn\u00e9 cookies. Webstr\u00e1nka pou\u017e\u00edva len technicky nevyhnutn\u00e9 cookies. Nie s\u00fa pou\u017e\u00edvan\u00e9 \u017eiadne reklamn\u00e9, analytick\u00e9 alebo in\u00e9 cookies. \u017diadne cookies nie s\u00fa zdie\u013ean\u00e9 s tret\u00edmi osobami. V\u00a0pr\u00edpade pou\u017e\u00edvania Edupage, t\u00fdmto vyhlasujeme, \u017ee Edupage pou\u017e\u00edva iba &hellip;<\/p>\n","protected":false},"author":18,"featured_media":0,"parent":0,"menu_order":0,"comment_status":"closed","ping_status":"closed","template":"","meta":[],"_links":{"self":[{"href":"https:\/\/mtag.sk\/sk\/wp-json\/wp\/v2\/pages\/28487"}],"collection":[{"href":"https:\/\/mtag.sk\/sk\/wp-json\/wp\/v2\/pages"}],"about":[{"href":"https:\/\/mtag.sk\/sk\/wp-json\/wp\/v2\/types\/page"}],"author":[{"embeddable":true,"href":"https:\/\/mtag.sk\/sk\/wp-json\/wp\/v2\/users\/18"}],"replies":[{"embeddable":true,"href":"https:\/\/mtag.sk\/sk\/wp-json\/wp\/v2\/comments?post=28487"}],"version-history":[{"count":0,"href":"https:\/\/mtag.sk\/sk\/wp-json\/wp\/v2\/pages\/28487\/revisions"}],"wp:attachment":[{"href":"https:\/\/mtag.sk\/sk\/wp-json\/wp\/v2\/media?parent=28487"}],"curies":[{"name":"wp","href":"https:\/\/api.w.org\/{rel}","templated":true}]}}