{"id":28471,"date":"2025-04-09T13:29:53","date_gmt":"2025-04-09T11:29:53","guid":{"rendered":"https:\/\/mtag.sk\/?page_id=28471"},"modified":"2025-04-09T13:29:54","modified_gmt":"2025-04-09T11:29:54","slug":"ai-v-kontexte-gdpr","status":"publish","type":"page","link":"https:\/\/mtag.sk\/sk\/ai-v-kontexte-gdpr\/","title":{"rendered":"AI v kontexte GDPR"},"content":{"rendered":"\n<p><strong><u>AI prostred\u00ed \u0161kolsk\u00fdch subjektov (v\u00a0kontexte GDPR)<\/u><\/strong><\/p>\n<p>Umel\u00e1 inteligencia m\u00e1 nie len\u00a0 ka\u017edodennom \u017eivote, ale aj v\u00a0pracovnom prostred\u00ed obrovsk\u00fd potenci\u00e1l a\u00a0zaznamen\u00e1va ve\u013ek\u00fd rozmach aj v\u00a0\u0161kolskom prostred\u00ed. Dok\u00e1\u017ee vytv\u00e1ra\u0165 vlastn\u00e9 texty a\u00a0dokonca aj obr\u00e1zky, zvl\u00e1dne robi\u0165 z\u00e1pisy z\u00a0por\u00e1d \u010di dokonca navrhova\u0165 strat\u00e9gie a\u00a0rozhodova\u0165 o\u00a0r\u00f4znych z\u00e1le\u017eitostiach na z\u00e1klade vstupn\u00fdch d\u00e1t. AI efekt\u00edvnej\u0161iu pr\u00edpravu u\u010diva, poskytovanie sp\u00e4tnej v\u00e4zby, personaliz\u00e1cie \u00faloh \u010di hodnotenia.<\/p>\n<p>Jej schopnosti a\u00a0mo\u017enosti sa ka\u017ed\u00fdm d\u0148om pos\u00favaj\u00fa vpred. Je v\u0161ak ot\u00e1zne, do akej miery s\u00fa chr\u00e1nen\u00e9 d\u00e1ta u\u017e\u00edvate\u013eov internetu, ktor\u00e9 pre svoje v\u00fdstupy AI potrebuje a\u00a0preto prev\u00e1dzkovate\u013e stanovil povinn\u00e9 minim\u00e1 pre sprac\u00favanie osobn\u00fdch \u00fadajov prostredn\u00edctvom AI:<\/p>\n<ol>\n<li>predov\u0161etk\u00fdm informovanie dotknut\u00fdch os\u00f4b v pr\u00edpade AIR, profilovania, \u010di sprac\u00favania osobitn\u00fdch kateg\u00f3ri\u00ed osobn\u00fdch \u00fadajov<\/li>\n<li><strong>zv\u00fd\u0161en\u00e1 miera transparentnosti<\/strong>a\u00a0v\u00a0tom zmysle n\u00e1le\u017eit\u00e9 informovanie dotknut\u00fdch os\u00f4b, \u017ee doch\u00e1dza k\u00a0sprac\u00favaniu ich \u00fadajov.<\/li>\n<li>zv\u00fd\u0161en\u00e1 miera senzitivity pri ochrane s\u00fakromia, tak zo strany \u0161t\u00e1tnych in\u0161tit\u00faci\u00ed, ako aj samotn\u00fdch dotknut\u00fdch os\u00f4b<\/li>\n<li><strong>dodr\u017eiavanie z\u00e1kladn\u00fdch z\u00e1sad pri sprac\u00favan\u00ed osobn\u00fdch \u00fadajov<\/strong>, v\u00a0r\u00e1mci vopred vymedzen\u00fdch \u00fa\u010delov a\u00a0existuj\u00facich pr\u00e1vnych z\u00e1kladov<\/li>\n<li><strong>vyu\u017e\u00edvanie met\u00f3dy anonymiz\u00e1cie<\/strong> (anonymiz\u00e1cia je d\u00f4le\u017eit\u00fd proces, ktor\u00fd pred zverejnen\u00edm dokumentu odstra\u0148uje identifikuj\u00face osobn\u00e9 \u00fadaje, ale zachov\u00e1va povahu p\u00f4vodn\u00e9ho textu.)<\/li>\n<li><strong>vyu\u017e\u00edvanie met\u00f3dy pseudonymiz\u00e1cie <\/strong>(Ide o\u00a0spracovanie osobn\u00fdch \u00fadajov tak\u00fdm sp\u00f4sobom, \u017ee \u00fadaje u\u017e nemo\u017eno prip\u00edsa\u0165 konkr\u00e9tnej dotknutej osobe bez pou\u017eitia \u010fal\u0161\u00edch inform\u00e1ci\u00ed. Na pseudonymiz\u00e1ciu s\u00faboru \u00fadajov musia by\u0165 &#8222;dodato\u010dn\u00e9 inform\u00e1cie&#8220; uchov\u00e1van\u00e9 oddelene. Z\u00e1rove\u0148 musia by\u0165 technicky a organiza\u010dne zabezpe\u010den\u00e9 tak, aby nebolo mo\u017en\u00e9 ich priradi\u0165 k identifikovanej alebo identifikovate\u013enej osobe.)<\/li>\n<\/ol>\n<p>\u00a0<\/p>\n<p>Brusel, 18. decembra 2024 \u2013 Eur\u00f3psky v\u00fdbor pre ochranu \u00fadajov (EDPB) prijal\u00a0<a href=\"https:\/\/www.edpb.europa.eu\/our-work-tools\/our-documents\/opinion-board-art-64\/opinion-282024-certain-data-protection-aspects_en\"><strong>stanovisko k pou\u017e\u00edvaniu osobn\u00fdch \u00fadajov na v\u00fdvoj a zav\u00e1dzanie modelov umelej inteligencie<\/strong><\/a>\u00a0. Toto stanovisko sa zaober\u00e1 t\u00fdm,<\/p>\n<p>1) kedy a ako mo\u017eno modely umelej inteligencie pova\u017eova\u0165 za anonymn\u00e9,<\/p>\n<p>2) \u010di a ako mo\u017eno pou\u017ei\u0165 legit\u00edmny z\u00e1ujem ako pr\u00e1vny z\u00e1klad na v\u00fdvoj alebo pou\u017e\u00edvanie modelov umelej inteligencie a<\/p>\n<p>3) \u010do sa stane, ak sa model umelej inteligencie vytvor\u00ed pomocou osobn\u00fdch \u00fadaje, ktor\u00e9 boli spracovan\u00e9 nez\u00e1konne. Zoh\u013ead\u0148uje tie\u017e pou\u017eitie \u00fadajov prvej a tretej strany<\/p>\n","protected":false},"excerpt":{"rendered":"<p>AI prostred\u00ed \u0161kolsk\u00fdch subjektov (v\u00a0kontexte GDPR) Umel\u00e1 inteligencia m\u00e1 nie len\u00a0 ka\u017edodennom \u017eivote, ale aj v\u00a0pracovnom prostred\u00ed obrovsk\u00fd potenci\u00e1l a\u00a0zaznamen\u00e1va ve\u013ek\u00fd rozmach aj v\u00a0\u0161kolskom prostred\u00ed. Dok\u00e1\u017ee vytv\u00e1ra\u0165 vlastn\u00e9 texty a\u00a0dokonca aj obr\u00e1zky, zvl\u00e1dne robi\u0165 z\u00e1pisy z\u00a0por\u00e1d \u010di dokonca navrhova\u0165 strat\u00e9gie a\u00a0rozhodova\u0165 o\u00a0r\u00f4znych z\u00e1le\u017eitostiach na z\u00e1klade vstupn\u00fdch d\u00e1t. AI efekt\u00edvnej\u0161iu pr\u00edpravu u\u010diva, poskytovanie sp\u00e4tnej v\u00e4zby, personaliz\u00e1cie &hellip;<\/p>\n","protected":false},"author":18,"featured_media":0,"parent":0,"menu_order":0,"comment_status":"closed","ping_status":"closed","template":"","meta":[],"_links":{"self":[{"href":"https:\/\/mtag.sk\/sk\/wp-json\/wp\/v2\/pages\/28471"}],"collection":[{"href":"https:\/\/mtag.sk\/sk\/wp-json\/wp\/v2\/pages"}],"about":[{"href":"https:\/\/mtag.sk\/sk\/wp-json\/wp\/v2\/types\/page"}],"author":[{"embeddable":true,"href":"https:\/\/mtag.sk\/sk\/wp-json\/wp\/v2\/users\/18"}],"replies":[{"embeddable":true,"href":"https:\/\/mtag.sk\/sk\/wp-json\/wp\/v2\/comments?post=28471"}],"version-history":[{"count":0,"href":"https:\/\/mtag.sk\/sk\/wp-json\/wp\/v2\/pages\/28471\/revisions"}],"wp:attachment":[{"href":"https:\/\/mtag.sk\/sk\/wp-json\/wp\/v2\/media?parent=28471"}],"curies":[{"name":"wp","href":"https:\/\/api.w.org\/{rel}","templated":true}]}}