{"id":1138,"date":"2014-09-30T14:13:49","date_gmt":"2014-09-30T12:13:49","guid":{"rendered":"http:\/\/mtag.sk\/?page_id=1138"},"modified":"2026-03-05T11:15:21","modified_gmt":"2026-03-05T10:15:21","slug":"kontakt","status":"publish","type":"page","link":"https:\/\/mtag.sk\/sk\/kontakt\/","title":{"rendered":"Kontakt"},"content":{"rendered":"\n\t\t<div class=\"one_half tie-columns\"><img class=\"alignnone size-full wp-image-1131\" src=\"http:\/\/mtag.sk\/wp-content\/uploads\/2014\/09\/mtag400.jpg\" alt=\"mtag400\" width=\"400\" height=\"182\" srcset=\"https:\/\/mtag.sk\/wp-content\/uploads\/2014\/09\/mtag400.jpg 400w, https:\/\/mtag.sk\/wp-content\/uploads\/2014\/09\/mtag400-272x125.jpg 272w\" sizes=\"(max-width: 400px) 100vw, 400px\" \/><\/p>\n<p><strong>Z\u00e1kladn\u00e1 \u0161kola a Gymn\u00e1zium s vyu\u010dovac\u00edm jazykom ma\u010farsk\u00fdm<\/strong><br \/>\n<strong>Magyar Tannyelv\u0171 Alapiskola \u00e9s Gimn\u00e1zium<\/strong><br \/>\nDunajsk\u00e1 2290\/13, 814 84 Bratislava<\/p>\n<p><strong>Vedenie \u0161koly:<\/strong><\/p>\n<p>Mgr. Pr\u00e9kop M\u00e1ria \u2013 poveren\u00e1 riadite\u013eka<\/p>\n<p>PaedDr. Kulcs\u00e1rov\u00e1 M\u00f3nika \u2013 z\u00e1stupky\u0148a riadite\u013eky (G)<\/p>\n<p>PaedDr. Ir\u00f3ov\u00e1 Al\u017ebeta \u2013 z\u00e1stupky\u0148a riadite\u013eky (AI)<\/p>\n<p><strong>I\u010cO:<\/strong> 17337089<br \/>\n<strong>DI\u010c:<\/strong> 2020863009<br \/>\n<strong>Telef\u00f3n:<\/strong> +421 2 5296 4315<br \/>\n<strong>E-mail:<\/strong> <a href=\"mailto:info@mtag.sk\">info@mtag.sk<\/a><\/p>\n<p><strong>\u2728<\/strong> <strong>Komunik\u00e1cia zalo\u017een\u00e1 na spolupr\u00e1ci<\/strong><\/p>\n<p>Sna\u017e\u00edme sa o otvoren\u00fa a \u00faprimn\u00fa komunik\u00e1ciu so v\u0161etk\u00fdmi zainteresovan\u00fdmi stranami \u2013 rodi\u010dmi, \u017eiakmi aj pedag\u00f3gmi. Na\u0161\u00edm cie\u013eom je vytvori\u0165 bezpe\u010dn\u00e9 a podporn\u00e9 \u0161kolsk\u00e9 prostredie.<\/p>\n<p>Prostredn\u00edctvom syst\u00e9mu <strong>EduPage<\/strong> s\u00fa v\u0161etci zamestnanci \u0161koly priamo dostupn\u00ed, \u010do zabezpe\u010duje jednoduch\u00fd a transparentn\u00fd sp\u00f4sob komunik\u00e1cie. Preto v\u00e1s pros\u00edme, aby ste sa so svojimi ot\u00e1zkami a podnetmi obr\u00e1tili na pr\u00edslu\u0161n\u00fa osobu.<\/p>\n<p>V z\u00e1le\u017eitostiach t\u00fdkaj\u00facich sa triedy sa najsk\u00f4r obr\u00e1\u0165te na triedneho u\u010dite\u013ea, ktor\u00fd v\u00e1m pom\u00f4\u017ee n\u00e1js\u0165 vhodn\u00e9 rie\u0161enie.<\/p>\n<p><strong>\ud83c\udf7d\ufe0f<\/strong><strong> \u0160kolsk\u00e1 jed\u00e1le\u0148<\/strong><\/p>\n<p><strong>Telef\u00f3n:<\/strong> +421 2 5292 5525<br \/>\n<strong>Mobil:<\/strong> +421 948 998\u00a0023<br \/>\n<strong>IBAN:<\/strong> SK90 8180 0000 0070 0049 6706<\/p>\n<p><strong>\ud83d\udeaa<\/strong><strong> Vr\u00e1tnica<\/strong><\/p>\n<p><strong>Mobil:<\/strong> +421 948 998 414<\/p>\n<p>V\u0161etci, ktor\u00ed nie s\u00fa zamestnancami \u0161koly, s\u00fa pri vstupe povinn\u00ed sa zaregistrova\u0165 na vr\u00e1tnici kv\u00f4li bezpe\u010dnosti.<\/p>\n<p>\u010eakujeme za spolupr\u00e1cu a va\u0161u d\u00f4veru!<\/p>\n<p><strong>Vedenie Z\u00e1kladnej \u0161koly a Gymn\u00e1zia s vyu\u010dovac\u00edm jazykom ma\u010farsk\u00fdm<\/strong><\/p>\n\n\t\t<\/div>\n\t\n\n\t\t<div class=\"one_half tie-columns last\"><div role=\"form\" class=\"wpcf7\" id=\"wpcf7-f10616-o1\" lang=\"sk-SK\" dir=\"ltr\">\n<div class=\"screen-reader-response\"><p role=\"status\" aria-live=\"polite\" aria-atomic=\"true\"><\/p> <ul><\/ul><\/div>\n<form action=\"\/sk\/wp-json\/wp\/v2\/pages\/1138#wpcf7-f10616-o1\" method=\"post\" class=\"wpcf7-form init\" novalidate=\"novalidate\" data-status=\"init\">\n<div style=\"display: none;\">\n<input type=\"hidden\" name=\"_wpcf7\" value=\"10616\" \/>\n<input type=\"hidden\" name=\"_wpcf7_version\" value=\"5.4.1\" \/>\n<input type=\"hidden\" name=\"_wpcf7_locale\" value=\"sk_SK\" \/>\n<input type=\"hidden\" name=\"_wpcf7_unit_tag\" value=\"wpcf7-f10616-o1\" \/>\n<input type=\"hidden\" name=\"_wpcf7_container_post\" value=\"0\" \/>\n<input type=\"hidden\" name=\"_wpcf7_posted_data_hash\" value=\"\" \/>\n<input type=\"hidden\" name=\"_wpcf7_recaptcha_response\" value=\"\" \/>\n<\/div>\n<p><label> Meno (povinn\u00e9)<br \/>\n    <span class=\"wpcf7-form-control-wrap your-name\"><input type=\"text\" name=\"your-name\" value=\"\" size=\"40\" class=\"wpcf7-form-control wpcf7-text wpcf7-validates-as-required\" aria-required=\"true\" aria-invalid=\"false\" \/><\/span> <\/label><\/p>\n<p><label> Email  (povinn\u00e9)<br \/>\n    <span class=\"wpcf7-form-control-wrap your-email\"><input type=\"email\" name=\"your-email\" value=\"\" size=\"40\" class=\"wpcf7-form-control wpcf7-text wpcf7-email wpcf7-validates-as-required wpcf7-validates-as-email\" aria-required=\"true\" aria-invalid=\"false\" \/><\/span> <\/label><\/p>\n<p><label> Telefon (k\u00f6telez\u0151)<br \/>\n    <span class=\"wpcf7-form-control-wrap your-phone\"><input type=\"email\" name=\"your-phone\" value=\"\" size=\"40\" class=\"wpcf7-form-control wpcf7-text wpcf7-email wpcf7-validates-as-required wpcf7-validates-as-email\" aria-required=\"true\" aria-invalid=\"false\" \/><\/span> <\/label><\/p>\n<p><label> Vec<br \/>\n    <span class=\"wpcf7-form-control-wrap your-subject\"><input type=\"text\" name=\"your-subject\" value=\"\" size=\"40\" class=\"wpcf7-form-control wpcf7-text\" aria-invalid=\"false\" \/><\/span> <\/label><\/p>\n<p><label> Spr\u00e1va<br \/>\n    <span class=\"wpcf7-form-control-wrap your-message\"><textarea name=\"your-message\" cols=\"40\" rows=\"10\" class=\"wpcf7-form-control wpcf7-textarea\" aria-invalid=\"false\"><\/textarea><\/span> <\/label><\/p>\n<p><input type=\"submit\" value=\"Posla\u0165\" class=\"wpcf7-form-control wpcf7-submit\" \/><\/p>\n<div class=\"wpcf7-response-output\" aria-hidden=\"true\"><\/div><\/form><\/div>\n\t\t<\/div>\n\t\t<div class=\"clearfix\"><\/div>\n\t\n","protected":false},"excerpt":{"rendered":"<p>Z\u00e1kladn\u00e1 \u0161kola a Gymn\u00e1zium s vyu\u010dovac\u00edm jazykom ma\u010farsk\u00fdm Magyar Tannyelv\u0171 Alapiskola \u00e9s Gimn\u00e1zium Dunajsk\u00e1 2290\/13, 814 84 Bratislava Vedenie \u0161koly: Mgr. Pr\u00e9kop M\u00e1ria \u2013 poveren\u00e1 riadite\u013eka PaedDr. Kulcs\u00e1rov\u00e1 M\u00f3nika \u2013 z\u00e1stupky\u0148a riadite\u013eky (G) PaedDr. Ir\u00f3ov\u00e1 Al\u017ebeta \u2013 z\u00e1stupky\u0148a riadite\u013eky (AI) I\u010cO: 17337089 DI\u010c: 2020863009 Telef\u00f3n: +421 2 5296 4315 E-mail: info@mtag.sk \u2728 Komunik\u00e1cia zalo\u017een\u00e1 na &hellip;<\/p>\n","protected":false},"author":1,"featured_media":0,"parent":0,"menu_order":0,"comment_status":"closed","ping_status":"open","template":"","meta":[],"_links":{"self":[{"href":"https:\/\/mtag.sk\/sk\/wp-json\/wp\/v2\/pages\/1138"}],"collection":[{"href":"https:\/\/mtag.sk\/sk\/wp-json\/wp\/v2\/pages"}],"about":[{"href":"https:\/\/mtag.sk\/sk\/wp-json\/wp\/v2\/types\/page"}],"author":[{"embeddable":true,"href":"https:\/\/mtag.sk\/sk\/wp-json\/wp\/v2\/users\/1"}],"replies":[{"embeddable":true,"href":"https:\/\/mtag.sk\/sk\/wp-json\/wp\/v2\/comments?post=1138"}],"version-history":[{"count":0,"href":"https:\/\/mtag.sk\/sk\/wp-json\/wp\/v2\/pages\/1138\/revisions"}],"wp:attachment":[{"href":"https:\/\/mtag.sk\/sk\/wp-json\/wp\/v2\/media?parent=1138"}],"curies":[{"name":"wp","href":"https:\/\/api.w.org\/{rel}","templated":true}]}}