{"id":1041,"date":"2014-09-29T23:16:31","date_gmt":"2014-09-29T21:16:31","guid":{"rendered":"http:\/\/mtag.sk\/letoltesek-2\/"},"modified":"2026-03-23T20:53:56","modified_gmt":"2026-03-23T19:53:56","slug":"na-stiahnutie","status":"publish","type":"page","link":"https:\/\/mtag.sk\/sk\/na-stiahnutie\/","title":{"rendered":"Dokumenty"},"content":{"rendered":"<style>\n    table,td,th{\n        border: 0;\n    }\n    #wpdm-all-packages .card{\n        overflow: hidden;\n    }\n    #wpdmmydls-1bae8b3a4e249539ee691ea5813b0e56{\n        border-bottom: 1px solid #dddddd;\n        border-top: 1px solid #dddddd;\n        font-size: 10pt;\n        min-width: 100%;\n    }\n    #wpdmmydls-1bae8b3a4e249539ee691ea5813b0e56 .wpdm-download-link img{\n        box-shadow: none !important;\n        max-width: 100%;\n    }\n    .w3eden .pagination{\n        margin: 0 !important;\n    }\n    #wpdmmydls-1bae8b3a4e249539ee691ea5813b0e56 td:not(:first-child){\n        vertical-align: middle !important;\n    }\n    #wpdmmydls-1bae8b3a4e249539ee691ea5813b0e56 td.__dt_col_download_link .btn{\n        display: block;\n        width: 100%;\n    }\n    #wpdmmydls-1bae8b3a4e249539ee691ea5813b0e56 td.__dt_col_download_link,\n    #wpdmmydls-1bae8b3a4e249539ee691ea5813b0e56 th#download_link{\n        max-width: 155px !important;\n        width: 155px;\n\n    }\n    #wpdmmydls-1bae8b3a4e249539ee691ea5813b0e56 th{\n        background-color: rgba(0,0,0,0.04);\n        border-bottom: 1px solid rgba(0,0,0,0.025);\n    }\n    #wpdmmydls-1bae8b3a4e249539ee691ea5813b0e56_length label,\n    #wpdmmydls-1bae8b3a4e249539ee691ea5813b0e56_filter label{\n        font-weight: 400;\n    }\n    #wpdmmydls-1bae8b3a4e249539ee691ea5813b0e56_filter input[type=search]{\n        display: inline-block;\n        width: 200px;\n    }\n    #wpdmmydls-1bae8b3a4e249539ee691ea5813b0e56_length select{\n        display: inline-block;\n        width: 60px;\n    }\n\n    #wpdmmydls-1bae8b3a4e249539ee691ea5813b0e56 .package-title{\n        color:#36597C;\n        font-size: 11pt;\n        font-weight: 700;\n    }\n    #wpdmmydls-1bae8b3a4e249539ee691ea5813b0e56 .small-txt{\n        margin-right: 7px;\n    }\n    #wpdmmydls-1bae8b3a4e249539ee691ea5813b0e56 td{\n        min-width: 150px;\n    }\n\n    #wpdmmydls-1bae8b3a4e249539ee691ea5813b0e56 td.__dt_col_categories{\n        max-width: 300px;\n    }\n\n    #wpdmmydls-1bae8b3a4e249539ee691ea5813b0e56 .small-txt,\n    #wpdmmydls-1bae8b3a4e249539ee691ea5813b0e56 small{\n        font-size: 9pt;\n    }\n    .w3eden .table-striped tbody tr:nth-of-type(2n+1) {\n        background-color: rgba(0,0,0,0.015);\n    }\n    .dataTables_wrapper .dataTables_paginate .paginate_button:active,\n    .dataTables_wrapper .dataTables_paginate .paginate_button:focus,\n    .dataTables_wrapper .dataTables_paginate .paginate_button:hover,\n    .dataTables_wrapper .dataTables_paginate .paginate_button{\n        margin: 0 !important;\n        padding: 0 !important;\n        border: 0 !important;\n        background: transparent !important;\n    }\n\n\n    @media (max-width: 799px) {\n        #wpdmmydls-1bae8b3a4e249539ee691ea5813b0e56 tr {\n            display: block;\n            border: 3px solid rgba(0,0,0,0.3) !important;\n            margin-bottom: 10px !important;\n            position: relative;\n        }\n        #wpdmmydls-1bae8b3a4e249539ee691ea5813b0e56 thead{\n            display: none;\n        }\n        #wpdmmydls-1bae8b3a4e249539ee691ea5813b0e56,\n        #wpdmmydls-1bae8b3a4e249539ee691ea5813b0e56 td:first-child {\n            border: 0 !important;\n        }\n        #wpdmmydls-1bae8b3a4e249539ee691ea5813b0e56 td {\n            display: block;\n        }\n        #wpdmmydls-1bae8b3a4e249539ee691ea5813b0e56 td.__dt_col_download_link {\n            display: block;\n            max-width: 100% !important;\n            width: auto !important;\n\n        }\n    }\n\n\n<\/style>\n<div class=\"w3eden\">\n    <div id=\"wpdm-all-packages\">\n        <table id=\"wpdmmydls-1bae8b3a4e249539ee691ea5813b0e56\" class=\"table table-striped wpdm-all-packages-table\">\n            <thead>\n            <tr>\n                                    <th style=\"\"  id=\"page_link\" class=\"\">N\u00e1zov<\/th>\n                                    <th style=\"\"  id=\"categories\" class=\"hidden-sm hidden-xs\">Kateg\u00f3rie<\/th>\n                                    <th style=\"\"  id=\"update_date\" class=\"hidden-sm hidden-xs\">D\u00e1tum \u00fapravy<\/th>\n                                    <th style=\"\"  id=\"download_link\" class=\"hidden-sm hidden-xs\">Stiahnu\u0165<\/th>\n                                <!-- th class=\"hidden-sm hidden-xs\">Kateg\u00f3rie<\/th>\n                <th class=\"hidden-xs\">D\u00e1tum vytvorenia<\/th>\n                <th style=\"width: 100px;\">Stiahnu\u0165<\/th -->\n            <\/tr>\n            <\/thead>\n            <tbody>\n            \n                    <tr class=\"__dt_row\">\n                                                    <td  class=\"__dt_col_0 __dt_col __dt_col_page_link\" style=\"background-image: url('https:\/\/mtag.sk\/wp-content\/plugins\/download-manager\/assets\/file-type-icons\/pdf.svg');background-size: 36px;background-position: 5px 8px;background-repeat:  no-repeat;padding-left: 52px;line-height: normal;\">\n                                <a class=\"package-title\" href='https:\/\/mtag.sk\/sk\/download\/navrh-projektu-riadenia-a-rozvoja-skoly\/'>N\u00c1VRH PROJEKTU RIADENIA A ROZVOJA \u0160KOLY<\/a><br\/><span class='__dt_file_count small-txt'><i class=\"far fa-copy\"><\/i> 1 s\u00fabor(y)<\/span><span class='__dt_download_count small-txt'><i class=\"far fa-arrow-alt-circle-down\"><\/i> 7 stiahnutia<\/span><div class=\"hidden-md hidden-lg td-mobile\"><\/div>\n\n                            <\/td>\n                                                    <td  class=\"__dt_col_1 __dt_col __dt_col_categories\" >\n                                <span class='__dt_categories '><a class='sbyc' href='https:\/\/mtag.sk\/sk\/na-stiahnutie\/?wpdmc=dokumenty'>Dokumenty<\/a><\/span>\n\n                            <\/td>\n                                                    <td  data-order=\"1774396800\"  class=\"__dt_col_2 __dt_col __dt_col_update_date\" >\n                                <span class='__dt_update_date '>2026.03.25.<\/span>\n\n                            <\/td>\n                                                    <td  class=\"__dt_col_3 __dt_col __dt_col_download_link\" >\n                                <a class='wpdm-download-link  download-on-click btn btn-primary ' rel='nofollow' href='#' data-downloadurl=\"https:\/\/mtag.sk\/sk\/download\/navrh-projektu-riadenia-a-rozvoja-skoly\/?wpdmdl=31152&refresh=69f25b99ae0761777490841\">Stiahnu\u0165<\/a>\n\n                            <\/td>\n                        \n                    <\/tr>\n                \n                    <tr class=\"__dt_row\">\n                                                    <td  class=\"__dt_col_0 __dt_col __dt_col_page_link\" style=\"background-image: url('https:\/\/mtag.sk\/wp-content\/plugins\/download-manager\/assets\/file-type-icons\/pdf.svg');background-size: 36px;background-position: 5px 8px;background-repeat:  no-repeat;padding-left: 52px;line-height: normal;\">\n                                <a class=\"package-title\" href='https:\/\/mtag.sk\/sk\/download\/vnutorna-smernica-o-vybavovani-staznosti\/'>Vn\u00fatorn\u00e1 smernica o vybavovan\u00ed s\u0165a\u017enost\u00ed<\/a><br\/><span class='__dt_file_count small-txt'><i class=\"far fa-copy\"><\/i> 1 s\u00fabor(y)<\/span><span class='__dt_download_count small-txt'><i class=\"far fa-arrow-alt-circle-down\"><\/i> 1 stiahnu\u0165<\/span><div class=\"hidden-md hidden-lg td-mobile\"><\/div>\n\n                            <\/td>\n                                                    <td  class=\"__dt_col_1 __dt_col __dt_col_categories\" >\n                                <span class='__dt_categories '><a class='sbyc' href='https:\/\/mtag.sk\/sk\/na-stiahnutie\/?wpdmc=dokumenty'>Dokumenty<\/a><\/span>\n\n                            <\/td>\n                                                    <td  data-order=\"1774224000\"  class=\"__dt_col_2 __dt_col __dt_col_update_date\" >\n                                <span class='__dt_update_date '>2026.03.23.<\/span>\n\n                            <\/td>\n                                                    <td  class=\"__dt_col_3 __dt_col __dt_col_download_link\" >\n                                <a class='wpdm-download-link  download-on-click btn btn-primary ' rel='nofollow' href='#' data-downloadurl=\"https:\/\/mtag.sk\/sk\/download\/vnutorna-smernica-o-vybavovani-staznosti\/?wpdmdl=31148&refresh=69f25b99ae6521777490841\">Stiahnu\u0165<\/a>\n\n                            <\/td>\n                        \n                    <\/tr>\n                \n                    <tr class=\"__dt_row\">\n                                                    <td  class=\"__dt_col_0 __dt_col __dt_col_page_link\" style=\"background-image: url('https:\/\/mtag.sk\/wp-content\/plugins\/download-manager\/assets\/file-type-icons\/pdf.svg');background-size: 36px;background-position: 5px 8px;background-repeat:  no-repeat;padding-left: 52px;line-height: normal;\">\n                                <a class=\"package-title\" href='https:\/\/mtag.sk\/sk\/download\/eticky-kodex\/'>Etick\u00fd k\u00f3dex<\/a><br\/><span class='__dt_file_count small-txt'><i class=\"far fa-copy\"><\/i> 1 s\u00fabor(y)<\/span><span class='__dt_download_count small-txt'><i class=\"far fa-arrow-alt-circle-down\"><\/i> 1 stiahnu\u0165<\/span><div class=\"hidden-md hidden-lg td-mobile\"><\/div>\n\n                            <\/td>\n                                                    <td  class=\"__dt_col_1 __dt_col __dt_col_categories\" >\n                                <span class='__dt_categories '><a class='sbyc' href='https:\/\/mtag.sk\/sk\/na-stiahnutie\/?wpdmc=dokumenty'>Dokumenty<\/a><\/span>\n\n                            <\/td>\n                                                    <td  data-order=\"1774224000\"  class=\"__dt_col_2 __dt_col __dt_col_update_date\" >\n                                <span class='__dt_update_date '>2026.03.23.<\/span>\n\n                            <\/td>\n                                                    <td  class=\"__dt_col_3 __dt_col __dt_col_download_link\" >\n                                <a class='wpdm-download-link  download-on-click btn btn-primary ' rel='nofollow' href='#' data-downloadurl=\"https:\/\/mtag.sk\/sk\/download\/eticky-kodex\/?wpdmdl=31147&refresh=69f25b99aeb4d1777490841\">Stiahnu\u0165<\/a>\n\n                            <\/td>\n                        \n                    <\/tr>\n                \n                    <tr class=\"__dt_row\">\n                                                    <td  class=\"__dt_col_0 __dt_col __dt_col_page_link\" style=\"background-image: url('https:\/\/mtag.sk\/wp-content\/plugins\/download-manager\/assets\/file-type-icons\/pdf.svg');background-size: 36px;background-position: 5px 8px;background-repeat:  no-repeat;padding-left: 52px;line-height: normal;\">\n                                <a class=\"package-title\" href='https:\/\/mtag.sk\/sk\/download\/podmienky-a-kriteria-prijimacieho-konania\/'>Podmienky a krit\u00e9ri\u00e1 prij\u00edmacieho konania<\/a><br\/><span class='__dt_file_count small-txt'><i class=\"far fa-copy\"><\/i> 1 s\u00fabor(y)<\/span><span class='__dt_download_count small-txt'><i class=\"far fa-arrow-alt-circle-down\"><\/i> 50 stiahnutia<\/span><div class=\"hidden-md hidden-lg td-mobile\"><\/div>\n\n                            <\/td>\n                                                    <td  class=\"__dt_col_1 __dt_col __dt_col_categories\" >\n                                <span class='__dt_categories '><a class='sbyc' href='https:\/\/mtag.sk\/sk\/na-stiahnutie\/?wpdmc=dokumenty'>Dokumenty<\/a><\/span>\n\n                            <\/td>\n                                                    <td  data-order=\"1774224000\"  class=\"__dt_col_2 __dt_col __dt_col_update_date\" >\n                                <span class='__dt_update_date '>2026.03.23.<\/span>\n\n                            <\/td>\n                                                    <td  class=\"__dt_col_3 __dt_col __dt_col_download_link\" >\n                                <a class='wpdm-download-link  download-on-click btn btn-primary ' rel='nofollow' href='#' data-downloadurl=\"https:\/\/mtag.sk\/sk\/download\/podmienky-a-kriteria-prijimacieho-konania\/?wpdmdl=16840&refresh=69f25b99af00a1777490841\">Stiahnu\u0165<\/a>\n\n                            <\/td>\n                        \n                    <\/tr>\n                \n                    <tr class=\"__dt_row\">\n                                                    <td  class=\"__dt_col_0 __dt_col __dt_col_page_link\" style=\"background-image: url('http:\/\/mtag.sk\/wp-content\/plugins\/download-manager\/assets\/file-type-icons\/pdf.png');background-size: 36px;background-position: 5px 8px;background-repeat:  no-repeat;padding-left: 52px;line-height: normal;\">\n                                <a class=\"package-title\" href='https:\/\/mtag.sk\/sk\/download\/kriteria-pre-prijimanie-ziakov\/'>Krit\u00e9ri\u00e1 pre prij\u00edmanie \u017eiakov<\/a><br\/><span class='__dt_file_count small-txt'><i class=\"far fa-copy\"><\/i> 1 s\u00fabor(y)<\/span><span class='__dt_download_count small-txt'><i class=\"far fa-arrow-alt-circle-down\"><\/i> 102 stiahnutia<\/span><div class=\"hidden-md hidden-lg td-mobile\"><\/div>\n\n                            <\/td>\n                                                    <td  class=\"__dt_col_1 __dt_col __dt_col_categories\" >\n                                <span class='__dt_categories '><a class='sbyc' href='https:\/\/mtag.sk\/sk\/na-stiahnutie\/?wpdmc=dokumenty'>Dokumenty<\/a><\/span>\n\n                            <\/td>\n                                                    <td  data-order=\"1588809600\"  class=\"__dt_col_2 __dt_col __dt_col_update_date\" >\n                                <span class='__dt_update_date '>2020.05.07.<\/span>\n\n                            <\/td>\n                                                    <td  class=\"__dt_col_3 __dt_col __dt_col_download_link\" >\n                                <a class='wpdm-download-link  download-on-click btn btn-primary ' rel='nofollow' href='#' data-downloadurl=\"https:\/\/mtag.sk\/sk\/download\/kriteria-pre-prijimanie-ziakov\/?wpdmdl=13259&refresh=69f25b99af4c91777490841\">Stiahnu\u0165<\/a>\n\n                            <\/td>\n                        \n                    <\/tr>\n                \n                    <tr class=\"__dt_row\">\n                                                    <td  class=\"__dt_col_0 __dt_col __dt_col_page_link\" style=\"background-image: url('http:\/\/mtag.sk\/wp-content\/plugins\/download-manager\/assets\/file-type-icons\/pdf.png');background-size: 36px;background-position: 5px 8px;background-repeat:  no-repeat;padding-left: 52px;line-height: normal;\">\n                                <a class=\"package-title\" href='https:\/\/mtag.sk\/sk\/download\/ziadost-o-podporu\/'>\u017diados\u0165 o podporu<\/a><br\/><span class='__dt_file_count small-txt'><i class=\"far fa-copy\"><\/i> 1 s\u00fabor(y)<\/span><span class='__dt_download_count small-txt'><i class=\"far fa-arrow-alt-circle-down\"><\/i> 70 stiahnutia<\/span><div class=\"hidden-md hidden-lg td-mobile\"><\/div>\n\n                            <\/td>\n                                                    <td  class=\"__dt_col_1 __dt_col __dt_col_categories\" >\n                                <span class='__dt_categories '><a class='sbyc' href='https:\/\/mtag.sk\/sk\/na-stiahnutie\/?wpdmc=dokumenty'>Dokumenty<\/a><\/span>\n\n                            <\/td>\n                                                    <td  data-order=\"1774224000\"  class=\"__dt_col_2 __dt_col __dt_col_update_date\" >\n                                <span class='__dt_update_date '>2026.03.23.<\/span>\n\n                            <\/td>\n                                                    <td  class=\"__dt_col_3 __dt_col __dt_col_download_link\" >\n                                <a class='wpdm-download-link  download-on-click btn btn-primary ' rel='nofollow' href='#' data-downloadurl=\"https:\/\/mtag.sk\/sk\/download\/ziadost-o-podporu\/?wpdmdl=13116&refresh=69f25b99af9ab1777490841\">Stiahnu\u0165<\/a>\n\n                            <\/td>\n                        \n                    <\/tr>\n                \n                    <tr class=\"__dt_row\">\n                                                    <td  class=\"__dt_col_0 __dt_col __dt_col_page_link\" style=\"background-image: url('http:\/\/mtag.sk\/wp-content\/plugins\/download-manager\/assets\/file-type-icons\/pdf.png');background-size: 36px;background-position: 5px 8px;background-repeat:  no-repeat;padding-left: 52px;line-height: normal;\">\n                                <a class=\"package-title\" href='https:\/\/mtag.sk\/sk\/download\/suhlas-so-spracovanim-osobnych-udajov\/'>S\u00fahlas so spracovan\u00edm osobn\u00fdch \u00fadajov<\/a><br\/><span class='__dt_file_count small-txt'><i class=\"far fa-copy\"><\/i> 1 s\u00fabor(y)<\/span><span class='__dt_download_count small-txt'><i class=\"far fa-arrow-alt-circle-down\"><\/i> 60 stiahnutia<\/span><div class=\"hidden-md hidden-lg td-mobile\"><\/div>\n\n                            <\/td>\n                                                    <td  class=\"__dt_col_1 __dt_col __dt_col_categories\" >\n                                <span class='__dt_categories '><a class='sbyc' href='https:\/\/mtag.sk\/sk\/na-stiahnutie\/?wpdmc=dokumenty'>Dokumenty<\/a><\/span>\n\n                            <\/td>\n                                                    <td  data-order=\"1774224000\"  class=\"__dt_col_2 __dt_col __dt_col_update_date\" >\n                                <span class='__dt_update_date '>2026.03.23.<\/span>\n\n                            <\/td>\n                                                    <td  class=\"__dt_col_3 __dt_col __dt_col_download_link\" >\n                                <a class='wpdm-download-link  download-on-click btn btn-primary ' rel='nofollow' href='#' data-downloadurl=\"https:\/\/mtag.sk\/sk\/download\/suhlas-so-spracovanim-osobnych-udajov\/?wpdmdl=13114&refresh=69f25b99afe7e1777490841\">Stiahnu\u0165<\/a>\n\n                            <\/td>\n                        \n                    <\/tr>\n                \n                    <tr class=\"__dt_row\">\n                                                    <td  class=\"__dt_col_0 __dt_col __dt_col_page_link\" style=\"background-image: url('http:\/\/mtag.sk\/wp-content\/plugins\/download-manager\/assets\/file-type-icons\/pdf.png');background-size: 36px;background-position: 5px 8px;background-repeat:  no-repeat;padding-left: 52px;line-height: normal;\">\n                                <a class=\"package-title\" href='https:\/\/mtag.sk\/sk\/download\/zapisny-list-ziaka-do-1-rocnika\/'>Z\u00e1pisn\u00fd list \u017eiaka do 1. ro\u010dn\u00edka<\/a><br\/><span class='__dt_file_count small-txt'><i class=\"far fa-copy\"><\/i> 1 s\u00fabor(y)<\/span><span class='__dt_download_count small-txt'><i class=\"far fa-arrow-alt-circle-down\"><\/i> 86 stiahnutia<\/span><div class=\"hidden-md hidden-lg td-mobile\"><\/div>\n\n                            <\/td>\n                                                    <td  class=\"__dt_col_1 __dt_col __dt_col_categories\" >\n                                <span class='__dt_categories '><a class='sbyc' href='https:\/\/mtag.sk\/sk\/na-stiahnutie\/?wpdmc=dokumenty'>Dokumenty<\/a><\/span>\n\n                            <\/td>\n                                                    <td  data-order=\"1586304000\"  class=\"__dt_col_2 __dt_col __dt_col_update_date\" >\n                                <span class='__dt_update_date '>2020.04.08.<\/span>\n\n                            <\/td>\n                                                    <td  class=\"__dt_col_3 __dt_col __dt_col_download_link\" >\n                                <a class='wpdm-download-link  download-on-click btn btn-primary ' rel='nofollow' href='#' data-downloadurl=\"https:\/\/mtag.sk\/sk\/download\/zapisny-list-ziaka-do-1-rocnika\/?wpdmdl=13113&refresh=69f25b99b034b1777490841\">Stiahnu\u0165<\/a>\n\n                            <\/td>\n                        \n                    <\/tr>\n                \n                    <tr class=\"__dt_row\">\n                                                    <td  class=\"__dt_col_0 __dt_col __dt_col_page_link\" style=\"background-image: url('http:\/\/mtag.sk\/wp-content\/plugins\/download-manager\/assets\/file-type-icons\/zip.svg');background-size: 36px;background-position: 5px 8px;background-repeat:  no-repeat;padding-left: 52px;line-height: normal;\">\n                                <a class=\"package-title\" href='https:\/\/mtag.sk\/sk\/download\/felveteli-mintak-2019-2020\/'>Felv\u00e9teli mint\u00e1k 2019\/2020<\/a><br\/><span class='__dt_file_count small-txt'><i class=\"far fa-copy\"><\/i> 1 s\u00fabor(y)<\/span><span class='__dt_download_count small-txt'><i class=\"far fa-arrow-alt-circle-down\"><\/i> 501 stiahnutia<\/span><div class=\"hidden-md hidden-lg td-mobile\"><\/div>\n\n                            <\/td>\n                                                    <td  class=\"__dt_col_1 __dt_col __dt_col_categories\" >\n                                <span class='__dt_categories '><a class='sbyc' href='https:\/\/mtag.sk\/sk\/na-stiahnutie\/?wpdmc=dokumenty'>Dokumenty<\/a><\/span>\n\n                            <\/td>\n                                                    <td  data-order=\"1551830400\"  class=\"__dt_col_2 __dt_col __dt_col_update_date\" >\n                                <span class='__dt_update_date '>2019.03.06.<\/span>\n\n                            <\/td>\n                                                    <td  class=\"__dt_col_3 __dt_col __dt_col_download_link\" >\n                                <a class='wpdm-download-link  download-on-click btn btn-primary ' rel='nofollow' href='#' data-downloadurl=\"https:\/\/mtag.sk\/sk\/download\/felveteli-mintak-2019-2020\/?wpdmdl=9680&refresh=69f25b99b08081777490841\">Stiahnu\u0165<\/a>\n\n                            <\/td>\n                        \n                    <\/tr>\n                \n                    <tr class=\"__dt_row\">\n                                                    <td  class=\"__dt_col_0 __dt_col __dt_col_page_link\" style=\"background-image: url('http:\/\/mtag.sk\/wp-content\/plugins\/download-manager\/assets\/file-type-icons\/pdf.png');background-size: 36px;background-position: 5px 8px;background-repeat:  no-repeat;padding-left: 52px;line-height: normal;\">\n                                <a class=\"package-title\" href='https:\/\/mtag.sk\/sk\/download\/kriteria-pre-prijimanie-2019-2020\/'>Krit\u00e9ri\u00e1 pre prij\u00edmanie 2019\/2020<\/a><br\/><span class='__dt_file_count small-txt'><i class=\"far fa-copy\"><\/i> 1 s\u00fabor(y)<\/span><span class='__dt_download_count small-txt'><i class=\"far fa-arrow-alt-circle-down\"><\/i> 65 stiahnutia<\/span><div class=\"hidden-md hidden-lg td-mobile\"><\/div>\n\n                            <\/td>\n                                                    <td  class=\"__dt_col_1 __dt_col __dt_col_categories\" >\n                                <span class='__dt_categories '><a class='sbyc' href='https:\/\/mtag.sk\/sk\/na-stiahnutie\/?wpdmc=dokumenty'>Dokumenty<\/a><\/span>\n\n                            <\/td>\n                                                    <td  data-order=\"1551830400\"  class=\"__dt_col_2 __dt_col __dt_col_update_date\" >\n                                <span class='__dt_update_date '>2019.03.06.<\/span>\n\n                            <\/td>\n                                                    <td  class=\"__dt_col_3 __dt_col __dt_col_download_link\" >\n                                <a class='wpdm-download-link  download-on-click btn btn-primary ' rel='nofollow' href='#' data-downloadurl=\"https:\/\/mtag.sk\/sk\/download\/kriteria-pre-prijimanie-2019-2020\/?wpdmdl=9678&refresh=69f25b99b0d001777490841\">Stiahnu\u0165<\/a>\n\n                            <\/td>\n                        \n                    <\/tr>\n                                        <\/tbody>\n        <\/table>\n\n        <div class='text-center'><ul class='page-numbers pagination pagination-centered'>\n\t<li><span aria-current=\"page\" class=\"page-numbers current\">1<\/span><\/li>\n\t<li><a class=\"page-numbers\" href=\"https:\/\/mtag.sk\/sk\/wp-json\/wp\/v2\/pages\/1041\/page\/2\/\">2<\/a><\/li>\n\t<li><a class=\"next page-numbers\" href=\"https:\/\/mtag.sk\/sk\/wp-json\/wp\/v2\/pages\/1041\/page\/2\/\">\u010eal\u0161\u00ed <i class=\"fa fa-long-arrow-right\"><\/i><\/a><\/li>\n<\/ul>\n<\/div>\n    <\/div>\n<\/div>\n\n","protected":false},"excerpt":{"rendered":"<p>KRIT\u00c9RI\u00c1 PRE PRIJ\u00cdMANIE \u017dIAKOV DO TRIED \u0160TVORRO\u010cN\u00c9HO VZDEL\u00c1VACIEHO PROGRAMU V GYMN\u00c1ZI\u00c1CH PRE \u0160KOLSK\u00dd ROK 2019\/2020<\/p>\n","protected":false},"author":1,"featured_media":0,"parent":0,"menu_order":0,"comment_status":"closed","ping_status":"open","template":"","meta":[],"_links":{"self":[{"href":"https:\/\/mtag.sk\/sk\/wp-json\/wp\/v2\/pages\/1041"}],"collection":[{"href":"https:\/\/mtag.sk\/sk\/wp-json\/wp\/v2\/pages"}],"about":[{"href":"https:\/\/mtag.sk\/sk\/wp-json\/wp\/v2\/types\/page"}],"author":[{"embeddable":true,"href":"https:\/\/mtag.sk\/sk\/wp-json\/wp\/v2\/users\/1"}],"replies":[{"embeddable":true,"href":"https:\/\/mtag.sk\/sk\/wp-json\/wp\/v2\/comments?post=1041"}],"version-history":[{"count":0,"href":"https:\/\/mtag.sk\/sk\/wp-json\/wp\/v2\/pages\/1041\/revisions"}],"wp:attachment":[{"href":"https:\/\/mtag.sk\/sk\/wp-json\/wp\/v2\/media?parent=1041"}],"curies":[{"name":"wp","href":"https:\/\/api.w.org\/{rel}","templated":true}]}}